{"id":4454,"date":"2026-03-11T16:38:44","date_gmt":"2026-03-11T15:38:44","guid":{"rendered":"https:\/\/www.giorgiutti.it\/?page_id=4454"},"modified":"2026-03-12T07:58:45","modified_gmt":"2026-03-12T06:58:45","slug":"miriam-polano","status":"publish","type":"page","link":"https:\/\/www.giorgiutti.it\/de\/miriam-polano\/","title":{"rendered":"Miriam Polano"},"content":{"rendered":"<div class=\"wpb-content-wrapper\">[vc_row thb_full_width=&#8221;true&#8221; thb_row_padding=&#8221;true&#8221; thb_column_padding=&#8221;true&#8221; content_placement=&#8221;middle&#8221; bg_gradient_direction=&#8221;0&#8243; bg_gradient2=&#8221;rgba(10,10,10,0.01)&#8221; css=&#8221;.vc_custom_1675764325464{padding-top: 4vh !important;}&#8221; el_class=&#8221;team-single-heading&#8221;][vc_column width=&#8221;1\/2&#8243; offset=&#8221;vc_col-lg-4&#8243; css=&#8221;.vc_custom_1675764302773{margin-left: 100px !important;}&#8221; el_class=&#8221;col-img&#8221;]\t<div id=\"thb-image-69f30eda68550\" class=\"caption-style1  aligncenter full  thb_image_link wp-caption \">\n\t\t\t<div class=\"thb-image-inner size_100\">\n\t\t\t<img loading=\"lazy\" decoding=\"async\" width=\"1527\" height=\"1703\" src=\"https:\/\/www.giorgiutti.it\/wp-content\/uploads\/2026\/03\/IMG-20260306-WA0019.jpg\" class=\"thb_image    attachment-full\" alt=\"\" title=\"IMG-20260306-WA0019\" \/>\t\t\t\t\t<\/div>\n\t\t\t\t\t<\/div>\n\t[\/vc_column][vc_column width=&#8221;1\/2&#8243; offset=&#8221;vc_col-lg-8&#8243; css=&#8221;.vc_custom_1675764431566{padding-right: 50px !important;}&#8221; el_class=&#8221;col-text&#8221;][vc_row_inner][vc_column_inner el_class=&#8221;title-column&#8221; box_shadow=&#8221;medium-shadow&#8221; css=&#8221;.vc_custom_1675693524825{padding-top: 8% !important;padding-right: 10% !important;padding-bottom: 7% !important;padding-left: 10% !important;background-color: #ffffff !important;}&#8221;][vc_custom_heading text=&#8221;Dott.ssa Miriam Polano&#8221; font_container=&#8221;tag:h1|text_align:left&#8221; use_theme_fonts=&#8221;yes&#8221; css_animation=&#8221;fadeInUp&#8221; css=&#8221;&#8221; el_class=&#8221;case-title&#8221;][vc_custom_heading text=&#8221;Direktionsassistenz&#8221; font_container=&#8221;tag:h3|text_align:left&#8221; use_theme_fonts=&#8221;yes&#8221; css_animation=&#8221;fadeInUp&#8221; css=&#8221;&#8221; el_class=&#8221;case-title&#8221;][vc_column_text css=&#8221;&#8221;]Telefon: <span data-olk-copy-source=\"MessageBody\">0432691820<\/span><br \/>\nE-Mail: <a href=\"mailto:miriam.polano@giorgiutti.it\">miriam.polano@giorgiutti.it<\/a>[\/vc_column_text][\/vc_column_inner][\/vc_row_inner][\/vc_column][\/vc_row][vc_row css=&#8221;.vc_custom_1675694811546{padding-top: 10vh !important;padding-bottom: 10vh !important;}&#8221;][vc_column][vc_row_inner][vc_column_inner el_class=&#8221;title-column&#8221; box_shadow=&#8221;large-shadow&#8221; css=&#8221;.vc_custom_1675695096273{padding-top: 8% !important;padding-right: 10% !important;padding-bottom: 7% !important;padding-left: 10% !important;background-color: #ffffff !important;}&#8221;][vc_column_text css=&#8221;&#8221; animation=&#8221;animation bottom-to-top&#8221;]Sie hat ihre Ausbildung am ITC Antonio Zanon als Unternehmensfachfrau und Fremdsprachenkorrespondentin abgeschlossen und einen Abschluss in Rechtswissenschaften an der Universit\u00e4t Padua erworben, mit einem Schwerpunkt im Privatrecht und einer Abschlussarbeit im Verwaltungsrecht.<\/p>\n<p>Sie sammelte Berufserfahrung sowohl in Kanzleien als auch in regionalen Unternehmen, wobei sie sich haupts\u00e4chlich mit der Direktionsassistenz sowie der Personalrecherche und -auswahl besch\u00e4ftigte. Dar\u00fcber hinaus verf\u00fcgt sie \u00fcber Erfahrung in der eigenst\u00e4ndigen Leitung eines Handelsunternehmens.<\/p>\n<p>Seit September 2025 arbeitet sie im Studio Giorgiutti &amp; Di Barbara als Direktionsassistentin, zust\u00e4ndig f\u00fcr die Dokumentation im Rahmen der Geldw\u00e4schepr\u00e4vention und die Vertragsverwaltung f\u00fcr familienangeh\u00f6rige Mitarbeiter.[\/vc_column_text][\/vc_column_inner][\/vc_row_inner][\/vc_column][\/vc_row][vc_row el_class=&#8221;text-center&#8221; css=&#8221;.vc_custom_1699886674967{padding-bottom: 50px !important;}&#8221;][vc_column]\t<a id=\"thb-button-69f30eda690e7\" class=\"btn style3 large  accent small-radius animation bottom-to-top-3d   arrow-enabled\" href=\"https:\/\/giorgiutti.it\/team\/\" target=\"_self\" role=\"button\">\n\t\t\t\t\t<span>Team<\/span>\n\t<svg xmlns=\"http:\/\/www.w3.org\/2000\/svg\" xmlns:xlink=\"http:\/\/www.w3.org\/1999\/xlink\" x=\"0px\" y=\"0px\"\r\n\t width=\"30px\" height=\"18px\" viewBox=\"0 0 30 18\" enable-background=\"new 0 0 30 18\" xml:space=\"preserve\">\r\n<path class=\"handle\" d=\"M20.305,16.212c-0.407,0.409-0.407,1.071,0,1.479s1.068,0.408,1.476,0l7.914-7.952c0.408-0.409,0.408-1.071,0-1.481\r\n\tl-7.914-7.952c-0.407-0.409-1.068-0.409-1.476,0s-0.407,1.071,0,1.48l7.185,7.221L20.305,16.212z\"\/>\r\n<path class=\"bar\" fill-rule=\"evenodd\" clip-rule=\"evenodd\" d=\"M1,8h28.001c0.551,0,1,0.448,1,1c0,0.553-0.449,1-1,1H1c-0.553,0-1-0.447-1-1\r\n\tC0,8.448,0.447,8,1,8z\"\/>\r\n<\/svg>\r\n\t\t<\/a>\n\t\t[\/vc_column][\/vc_row]\n<\/div>","protected":false},"excerpt":{"rendered":"<p>[vc_row thb_full_width=&#8221;true&#8221; thb_row_padding=&#8221;true&#8221; thb_column_padding=&#8221;true&#8221; content_placement=&#8221;middle&#8221; bg_gradient_direction=&#8221;0&#8243; bg_gradient2=&#8221;rgba(10,10,10,0.01)&#8221; css=&#8221;.vc_custom_1675764325464{padding-top: 4vh !important;}&#8221; el_class=&#8221;team-single-heading&#8221;][vc_column width=&#8221;1\/2&#8243; offset=&#8221;vc_col-lg-4&#8243; css=&#8221;.vc_custom_1675764302773{margin-left: 100px !important;}&#8221; el_class=&#8221;col-img&#8221;][\/vc_column][vc_column width=&#8221;1\/2&#8243; offset=&#8221;vc_col-lg-8&#8243; css=&#8221;.vc_custom_1675764431566{padding-right: 50px !important;}&#8221; el_class=&#8221;col-text&#8221;][vc_row_inner][vc_column_inner el_class=&#8221;title-column&#8221; box_shadow=&#8221;medium-shadow&#8221; css=&#8221;.vc_custom_1675693524825{padding-top: 8% !important;padding-right: 10% !important;padding-bottom: 7% !important;padding-left: 10% !important;background-color: #ffffff !important;}&#8221;][vc_custom_heading text=&#8221;Dott.ssa Miriam Polano&#8221; font_container=&#8221;tag:h1|text_align:left&#8221; use_theme_fonts=&#8221;yes&#8221; css_animation=&#8221;fadeInUp&#8221; css=&#8221;&#8221; el_class=&#8221;case-title&#8221;][vc_custom_heading text=&#8221;Direktionsassistenz&#8221; font_container=&#8221;tag:h3|text_align:left&#8221; use_theme_fonts=&#8221;yes&#8221; css_animation=&#8221;fadeInUp&#8221; css=&#8221;&#8221; el_class=&#8221;case-title&#8221;][vc_column_text css=&#8221;&#8221;]Telefon: 0432691820 E-Mail: miriam.polano@giorgiutti.it[\/vc_column_text][\/vc_column_inner][\/vc_row_inner][\/vc_column][\/vc_row][vc_row css=&#8221;.vc_custom_1675694811546{padding-top:&hellip;<\/p>\n","protected":false},"author":1,"featured_media":4462,"parent":0,"menu_order":0,"comment_status":"closed","ping_status":"closed","template":"","meta":{"footnotes":""},"class_list":["post-4454","page","type-page","status-publish","has-post-thumbnail","hentry"],"yoast_head":"<!-- This site is optimized with the Yoast SEO plugin v27.5 - https:\/\/yoast.com\/product\/yoast-seo-wordpress\/ -->\n<title>Miriam Polano - Giorgiutti &amp; Di Barbara<\/title>\n<meta name=\"robots\" content=\"index, follow, max-snippet:-1, max-image-preview:large, max-video-preview:-1\" \/>\n<link rel=\"canonical\" href=\"https:\/\/www.giorgiutti.it\/de\/miriam-polano\/\" \/>\n<meta property=\"og:locale\" content=\"de_DE\" \/>\n<meta property=\"og:type\" content=\"article\" \/>\n<meta property=\"og:title\" content=\"Miriam Polano - Giorgiutti &amp; Di Barbara\" \/>\n<meta property=\"og:description\" content=\"[vc_row thb_full_width=&#8221;true&#8221; thb_row_padding=&#8221;true&#8221; thb_column_padding=&#8221;true&#8221; content_placement=&#8221;middle&#8221; bg_gradient_direction=&#8221;0&#8243; bg_gradient2=&#8221;rgba(10,10,10,0.01)&#8221; css=&#8221;.vc_custom_1675764325464{padding-top: 4vh !important;}&#8221; el_class=&#8221;team-single-heading&#8221;][vc_column width=&#8221;1\/2&#8243; offset=&#8221;vc_col-lg-4&#8243; css=&#8221;.vc_custom_1675764302773{margin-left: 100px !important;}&#8221; el_class=&#8221;col-img&#8221;][\/vc_column][vc_column width=&#8221;1\/2&#8243; offset=&#8221;vc_col-lg-8&#8243; css=&#8221;.vc_custom_1675764431566{padding-right: 50px !important;}&#8221; el_class=&#8221;col-text&#8221;][vc_row_inner][vc_column_inner el_class=&#8221;title-column&#8221; box_shadow=&#8221;medium-shadow&#8221; css=&#8221;.vc_custom_1675693524825{padding-top: 8% !important;padding-right: 10% !important;padding-bottom: 7% !important;padding-left: 10% !important;background-color: #ffffff !important;}&#8221;][vc_custom_heading text=&#8221;Dott.ssa Miriam Polano&#8221; font_container=&#8221;tag:h1|text_align:left&#8221; use_theme_fonts=&#8221;yes&#8221; css_animation=&#8221;fadeInUp&#8221; css=&#8221;&#8221; el_class=&#8221;case-title&#8221;][vc_custom_heading text=&#8221;Direktionsassistenz&#8221; font_container=&#8221;tag:h3|text_align:left&#8221; use_theme_fonts=&#8221;yes&#8221; css_animation=&#8221;fadeInUp&#8221; css=&#8221;&#8221; el_class=&#8221;case-title&#8221;][vc_column_text css=&#8221;&#8221;]Telefon: 0432691820 E-Mail: miriam.polano@giorgiutti.it[\/vc_column_text][\/vc_column_inner][\/vc_row_inner][\/vc_column][\/vc_row][vc_row css=&#8221;.vc_custom_1675694811546{padding-top:&hellip;\" \/>\n<meta property=\"og:url\" content=\"https:\/\/www.giorgiutti.it\/de\/miriam-polano\/\" \/>\n<meta property=\"og:site_name\" content=\"Giorgiutti &amp; Di Barbara\" \/>\n<meta property=\"article:modified_time\" content=\"2026-03-12T06:58:45+00:00\" \/>\n<meta property=\"og:image\" content=\"https:\/\/www.giorgiutti.it\/wp-content\/uploads\/2026\/03\/IMG-20260306-WA0019.jpg\" \/>\n\t<meta property=\"og:image:width\" content=\"1527\" \/>\n\t<meta property=\"og:image:height\" content=\"1703\" \/>\n\t<meta property=\"og:image:type\" content=\"image\/jpeg\" \/>\n<meta name=\"twitter:card\" content=\"summary_large_image\" \/>\n<meta name=\"twitter:label1\" content=\"Est. reading time\" \/>\n\t<meta name=\"twitter:data1\" content=\"2 minutes\" \/>\n<script type=\"application\/ld+json\" class=\"yoast-schema-graph\">{\"@context\":\"https:\\\/\\\/schema.org\",\"@graph\":[{\"@type\":\"WebPage\",\"@id\":\"https:\\\/\\\/www.giorgiutti.it\\\/de\\\/miriam-polano\\\/\",\"url\":\"https:\\\/\\\/www.giorgiutti.it\\\/de\\\/miriam-polano\\\/\",\"name\":\"Miriam Polano - Giorgiutti &amp; Di Barbara\",\"isPartOf\":{\"@id\":\"https:\\\/\\\/www.giorgiutti.it\\\/#website\"},\"primaryImageOfPage\":{\"@id\":\"https:\\\/\\\/www.giorgiutti.it\\\/de\\\/miriam-polano\\\/#primaryimage\"},\"image\":{\"@id\":\"https:\\\/\\\/www.giorgiutti.it\\\/de\\\/miriam-polano\\\/#primaryimage\"},\"thumbnailUrl\":\"https:\\\/\\\/www.giorgiutti.it\\\/wp-content\\\/uploads\\\/2026\\\/03\\\/IMG-20260306-WA0019.jpg\",\"datePublished\":\"2026-03-11T15:38:44+00:00\",\"dateModified\":\"2026-03-12T06:58:45+00:00\",\"breadcrumb\":{\"@id\":\"https:\\\/\\\/www.giorgiutti.it\\\/de\\\/miriam-polano\\\/#breadcrumb\"},\"inLanguage\":\"de-DE\",\"potentialAction\":[{\"@type\":\"ReadAction\",\"target\":[\"https:\\\/\\\/www.giorgiutti.it\\\/de\\\/miriam-polano\\\/\"]}]},{\"@type\":\"ImageObject\",\"inLanguage\":\"de-DE\",\"@id\":\"https:\\\/\\\/www.giorgiutti.it\\\/de\\\/miriam-polano\\\/#primaryimage\",\"url\":\"https:\\\/\\\/www.giorgiutti.it\\\/wp-content\\\/uploads\\\/2026\\\/03\\\/IMG-20260306-WA0019.jpg\",\"contentUrl\":\"https:\\\/\\\/www.giorgiutti.it\\\/wp-content\\\/uploads\\\/2026\\\/03\\\/IMG-20260306-WA0019.jpg\",\"width\":1527,\"height\":1703},{\"@type\":\"BreadcrumbList\",\"@id\":\"https:\\\/\\\/www.giorgiutti.it\\\/de\\\/miriam-polano\\\/#breadcrumb\",\"itemListElement\":[{\"@type\":\"ListItem\",\"position\":1,\"name\":\"Home\",\"item\":\"https:\\\/\\\/www.giorgiutti.it\\\/de\\\/\"},{\"@type\":\"ListItem\",\"position\":2,\"name\":\"Miriam Polano\"}]},{\"@type\":\"WebSite\",\"@id\":\"https:\\\/\\\/www.giorgiutti.it\\\/#website\",\"url\":\"https:\\\/\\\/www.giorgiutti.it\\\/\",\"name\":\"Giorgiutti & Di Barbara\",\"description\":\"Studio Consulenze del Lavoro\",\"publisher\":{\"@id\":\"https:\\\/\\\/www.giorgiutti.it\\\/#organization\"},\"potentialAction\":[{\"@type\":\"SearchAction\",\"target\":{\"@type\":\"EntryPoint\",\"urlTemplate\":\"https:\\\/\\\/www.giorgiutti.it\\\/?s={search_term_string}\"},\"query-input\":{\"@type\":\"PropertyValueSpecification\",\"valueRequired\":true,\"valueName\":\"search_term_string\"}}],\"inLanguage\":\"de-DE\"},{\"@type\":\"Organization\",\"@id\":\"https:\\\/\\\/www.giorgiutti.it\\\/#organization\",\"name\":\"Giorgiutti & Di Barbara\",\"url\":\"https:\\\/\\\/www.giorgiutti.it\\\/\",\"logo\":{\"@type\":\"ImageObject\",\"inLanguage\":\"de-DE\",\"@id\":\"https:\\\/\\\/www.giorgiutti.it\\\/#\\\/schema\\\/logo\\\/image\\\/\",\"url\":\"https:\\\/\\\/www.giorgiutti.it\\\/wp-content\\\/uploads\\\/2023\\\/01\\\/logo-completo-blu.svg\",\"contentUrl\":\"https:\\\/\\\/www.giorgiutti.it\\\/wp-content\\\/uploads\\\/2023\\\/01\\\/logo-completo-blu.svg\",\"width\":1,\"height\":1,\"caption\":\"Giorgiutti & Di Barbara\"},\"image\":{\"@id\":\"https:\\\/\\\/www.giorgiutti.it\\\/#\\\/schema\\\/logo\\\/image\\\/\"},\"sameAs\":[\"https:\\\/\\\/www.linkedin.com\\\/company\\\/giorgiutti-srl?trk=biz-companies-cym\"]}]}<\/script>\n<!-- \/ Yoast SEO plugin. -->","yoast_head_json":{"title":"Miriam Polano - Giorgiutti &amp; Di Barbara","robots":{"index":"index","follow":"follow","max-snippet":"max-snippet:-1","max-image-preview":"max-image-preview:large","max-video-preview":"max-video-preview:-1"},"canonical":"https:\/\/www.giorgiutti.it\/de\/miriam-polano\/","og_locale":"de_DE","og_type":"article","og_title":"Miriam Polano - Giorgiutti &amp; Di Barbara","og_description":"[vc_row thb_full_width=&#8221;true&#8221; thb_row_padding=&#8221;true&#8221; thb_column_padding=&#8221;true&#8221; content_placement=&#8221;middle&#8221; bg_gradient_direction=&#8221;0&#8243; bg_gradient2=&#8221;rgba(10,10,10,0.01)&#8221; css=&#8221;.vc_custom_1675764325464{padding-top: 4vh !important;}&#8221; el_class=&#8221;team-single-heading&#8221;][vc_column width=&#8221;1\/2&#8243; offset=&#8221;vc_col-lg-4&#8243; css=&#8221;.vc_custom_1675764302773{margin-left: 100px !important;}&#8221; el_class=&#8221;col-img&#8221;][\/vc_column][vc_column width=&#8221;1\/2&#8243; offset=&#8221;vc_col-lg-8&#8243; css=&#8221;.vc_custom_1675764431566{padding-right: 50px !important;}&#8221; el_class=&#8221;col-text&#8221;][vc_row_inner][vc_column_inner el_class=&#8221;title-column&#8221; box_shadow=&#8221;medium-shadow&#8221; css=&#8221;.vc_custom_1675693524825{padding-top: 8% !important;padding-right: 10% !important;padding-bottom: 7% !important;padding-left: 10% !important;background-color: #ffffff !important;}&#8221;][vc_custom_heading text=&#8221;Dott.ssa Miriam Polano&#8221; font_container=&#8221;tag:h1|text_align:left&#8221; use_theme_fonts=&#8221;yes&#8221; css_animation=&#8221;fadeInUp&#8221; css=&#8221;&#8221; el_class=&#8221;case-title&#8221;][vc_custom_heading text=&#8221;Direktionsassistenz&#8221; font_container=&#8221;tag:h3|text_align:left&#8221; use_theme_fonts=&#8221;yes&#8221; css_animation=&#8221;fadeInUp&#8221; css=&#8221;&#8221; el_class=&#8221;case-title&#8221;][vc_column_text css=&#8221;&#8221;]Telefon: 0432691820 E-Mail: miriam.polano@giorgiutti.it[\/vc_column_text][\/vc_column_inner][\/vc_row_inner][\/vc_column][\/vc_row][vc_row css=&#8221;.vc_custom_1675694811546{padding-top:&hellip;","og_url":"https:\/\/www.giorgiutti.it\/de\/miriam-polano\/","og_site_name":"Giorgiutti &amp; Di Barbara","article_modified_time":"2026-03-12T06:58:45+00:00","og_image":[{"width":1527,"height":1703,"url":"https:\/\/www.giorgiutti.it\/wp-content\/uploads\/2026\/03\/IMG-20260306-WA0019.jpg","type":"image\/jpeg"}],"twitter_card":"summary_large_image","twitter_misc":{"Est. reading time":"2 minutes"},"schema":{"@context":"https:\/\/schema.org","@graph":[{"@type":"WebPage","@id":"https:\/\/www.giorgiutti.it\/de\/miriam-polano\/","url":"https:\/\/www.giorgiutti.it\/de\/miriam-polano\/","name":"Miriam Polano - Giorgiutti &amp; Di Barbara","isPartOf":{"@id":"https:\/\/www.giorgiutti.it\/#website"},"primaryImageOfPage":{"@id":"https:\/\/www.giorgiutti.it\/de\/miriam-polano\/#primaryimage"},"image":{"@id":"https:\/\/www.giorgiutti.it\/de\/miriam-polano\/#primaryimage"},"thumbnailUrl":"https:\/\/www.giorgiutti.it\/wp-content\/uploads\/2026\/03\/IMG-20260306-WA0019.jpg","datePublished":"2026-03-11T15:38:44+00:00","dateModified":"2026-03-12T06:58:45+00:00","breadcrumb":{"@id":"https:\/\/www.giorgiutti.it\/de\/miriam-polano\/#breadcrumb"},"inLanguage":"de-DE","potentialAction":[{"@type":"ReadAction","target":["https:\/\/www.giorgiutti.it\/de\/miriam-polano\/"]}]},{"@type":"ImageObject","inLanguage":"de-DE","@id":"https:\/\/www.giorgiutti.it\/de\/miriam-polano\/#primaryimage","url":"https:\/\/www.giorgiutti.it\/wp-content\/uploads\/2026\/03\/IMG-20260306-WA0019.jpg","contentUrl":"https:\/\/www.giorgiutti.it\/wp-content\/uploads\/2026\/03\/IMG-20260306-WA0019.jpg","width":1527,"height":1703},{"@type":"BreadcrumbList","@id":"https:\/\/www.giorgiutti.it\/de\/miriam-polano\/#breadcrumb","itemListElement":[{"@type":"ListItem","position":1,"name":"Home","item":"https:\/\/www.giorgiutti.it\/de\/"},{"@type":"ListItem","position":2,"name":"Miriam Polano"}]},{"@type":"WebSite","@id":"https:\/\/www.giorgiutti.it\/#website","url":"https:\/\/www.giorgiutti.it\/","name":"Giorgiutti & Di Barbara","description":"Studio Consulenze del Lavoro","publisher":{"@id":"https:\/\/www.giorgiutti.it\/#organization"},"potentialAction":[{"@type":"SearchAction","target":{"@type":"EntryPoint","urlTemplate":"https:\/\/www.giorgiutti.it\/?s={search_term_string}"},"query-input":{"@type":"PropertyValueSpecification","valueRequired":true,"valueName":"search_term_string"}}],"inLanguage":"de-DE"},{"@type":"Organization","@id":"https:\/\/www.giorgiutti.it\/#organization","name":"Giorgiutti & Di Barbara","url":"https:\/\/www.giorgiutti.it\/","logo":{"@type":"ImageObject","inLanguage":"de-DE","@id":"https:\/\/www.giorgiutti.it\/#\/schema\/logo\/image\/","url":"https:\/\/www.giorgiutti.it\/wp-content\/uploads\/2023\/01\/logo-completo-blu.svg","contentUrl":"https:\/\/www.giorgiutti.it\/wp-content\/uploads\/2023\/01\/logo-completo-blu.svg","width":1,"height":1,"caption":"Giorgiutti & Di Barbara"},"image":{"@id":"https:\/\/www.giorgiutti.it\/#\/schema\/logo\/image\/"},"sameAs":["https:\/\/www.linkedin.com\/company\/giorgiutti-srl?trk=biz-companies-cym"]}]}},"_links":{"self":[{"href":"https:\/\/www.giorgiutti.it\/de\/wp-json\/wp\/v2\/pages\/4454","targetHints":{"allow":["GET"]}}],"collection":[{"href":"https:\/\/www.giorgiutti.it\/de\/wp-json\/wp\/v2\/pages"}],"about":[{"href":"https:\/\/www.giorgiutti.it\/de\/wp-json\/wp\/v2\/types\/page"}],"author":[{"embeddable":true,"href":"https:\/\/www.giorgiutti.it\/de\/wp-json\/wp\/v2\/users\/1"}],"replies":[{"embeddable":true,"href":"https:\/\/www.giorgiutti.it\/de\/wp-json\/wp\/v2\/comments?post=4454"}],"version-history":[{"count":6,"href":"https:\/\/www.giorgiutti.it\/de\/wp-json\/wp\/v2\/pages\/4454\/revisions"}],"predecessor-version":[{"id":4522,"href":"https:\/\/www.giorgiutti.it\/de\/wp-json\/wp\/v2\/pages\/4454\/revisions\/4522"}],"wp:featuredmedia":[{"embeddable":true,"href":"https:\/\/www.giorgiutti.it\/de\/wp-json\/wp\/v2\/media\/4462"}],"wp:attachment":[{"href":"https:\/\/www.giorgiutti.it\/de\/wp-json\/wp\/v2\/media?parent=4454"}],"curies":[{"name":"wp","href":"https:\/\/api.w.org\/{rel}","templated":true}]}}