{"id":1527,"date":"2023-02-06T17:01:26","date_gmt":"2023-02-06T16:01:26","guid":{"rendered":"https:\/\/giorgiutti.it\/team\/dott-stefano-di-barbara\/"},"modified":"2025-12-01T14:30:08","modified_gmt":"2025-12-01T13:30:08","slug":"dott-stefano-di-barbara","status":"publish","type":"page","link":"https:\/\/www.giorgiutti.it\/de\/dott-stefano-di-barbara\/","title":{"rendered":"Dott. Stefano Di Barbara"},"content":{"rendered":"<div class=\"wpb-content-wrapper\">[vc_row thb_full_width=&#8221;true&#8221; thb_row_padding=&#8221;true&#8221; thb_column_padding=&#8221;true&#8221; content_placement=&#8221;middle&#8221; bg_gradient_direction=&#8221;0&#8243; bg_gradient2=&#8221;rgba(10,10,10,0.01)&#8221; css=&#8221;.vc_custom_1675763174879{padding-top: 4vh !important;}&#8221; el_class=&#8221;team-single-heading&#8221;][vc_column width=&#8221;1\/2&#8243; offset=&#8221;vc_col-lg-4&#8243; css=&#8221;.vc_custom_1675763101259{margin-left: 100px !important;}&#8221; el_class=&#8221;col-img&#8221;]\t<div id=\"thb-image-69d54138dc9fb\" class=\"caption-style1  aligncenter full  thb_image_link wp-caption \">\n\t\t\t<div class=\"thb-image-inner size_100\">\n\t\t\t<img loading=\"lazy\" decoding=\"async\" width=\"1920\" height=\"1281\" src=\"https:\/\/www.giorgiutti.it\/wp-content\/uploads\/2023\/11\/Studio_Giorgiutti_1437-e1699627036515.jpg\" class=\"thb_image    attachment-full\" alt=\"\" title=\"Studio_Giorgiutti_1437\" \/>\t\t\t\t\t<\/div>\n\t\t\t\t\t<\/div>\n\t[\/vc_column][vc_column width=&#8221;1\/2&#8243; offset=&#8221;vc_col-lg-8&#8243; css=&#8221;.vc_custom_1675763114710{padding-right: 50px !important;}&#8221; el_class=&#8221;col-text&#8221;][vc_row_inner][vc_column_inner el_class=&#8221;title-column&#8221; box_shadow=&#8221;medium-shadow&#8221; css=&#8221;.vc_custom_1675693524825{padding-top: 8% !important;padding-right: 10% !important;padding-bottom: 7% !important;padding-left: 10% !important;background-color: #ffffff !important;}&#8221;][vc_custom_heading text=&#8221;Dott. Stefano Di Barbara&#8221; font_container=&#8221;tag:h1|text_align:left&#8221; use_theme_fonts=&#8221;yes&#8221; css_animation=&#8221;fadeInUp&#8221; el_class=&#8221;case-title&#8221;][vc_column_text animation=&#8221;animation bottom-to-top&#8221;]Telefon: 0039 0432 691812<br \/>\nEmail: <a href=\"mailto:stefano.dibarbara@giorgiutti.it\">stefano.dibarbara@giorgiutti.it<\/a><br \/>\nQualifizierung: Arbeitsberater[\/vc_column_text][\/vc_column_inner][\/vc_row_inner][\/vc_column][\/vc_row][vc_row css=&#8221;.vc_custom_1675694811546{padding-top: 10vh !important;padding-bottom: 10vh !important;}&#8221;][vc_column][vc_row_inner][vc_column_inner el_class=&#8221;title-column&#8221; box_shadow=&#8221;large-shadow&#8221; css=&#8221;.vc_custom_1675695096273{padding-top: 8% !important;padding-right: 10% !important;padding-bottom: 7% !important;padding-left: 10% !important;background-color: #ffffff !important;}&#8221;][vc_column_text css=&#8221;&#8221; animation=&#8221;animation bottom-to-top&#8221;]Diplom in Buchhaltung beim I.T.C. \u201cC. Deganutti\u201d Udine in Juli 1995.<\/p>\n<p>Abschluss in Wirtschaftswissenschaften und Unternehmensf\u00fchrung.<\/p>\n<p>Seit 1995 hat er mit verschiedenen f\u00fchrenden Unternehmen zusammengearbeitet.<\/p>\n<p>Sie hat dazu beigetragen, die Kunden mit konstanter Innovation, komplette organisatorische Selbstst\u00e4ndigkeit zu konsolidieren.<\/p>\n<p>Er ist in Verwaltung von Unternehmensgruppen und Lohn-, Beitrag- und Budgetabrechnung spezialisiert. Seine Arbeitsweise ist stets innovativ und von seiner enormen F\u00e4higkeit gepr\u00e4gt, die Arbeitsgruppe zu koordinieren. Er ist Verantwortlicher der kontinuierlichen Innovation.<\/p>\n<p>Im 2009 hat er das Staatsexamen f\u00fcr Arbeitsrechtsberater bestanden und ist seitdem Gesellschafter der GIORGIUTTI Alberto &amp; Associati, wo er sich um strategische Beratung zum Thema der Bewertung der bestehenden Rechtsvorschriften k\u00fcmmert.<\/p>\n<p class=\"p1\">Er ist Dozent f\u00fcr den Master of Human Resources an der Universit\u00e4t Udine und h\u00e4lt Vortr\u00e4ge in Studieng\u00e4ngen und an regionalen Ausbildungseinrichtungen.<\/p>\n<p>Seit 2002 arbeitet er mit Giorgiutti, und ist nun Verantwortlicher der Direktion.[\/vc_column_text][\/vc_column_inner][\/vc_row_inner][\/vc_column][\/vc_row][vc_row el_class=&#8221;text-center&#8221; css=&#8221;.vc_custom_1699886759840{padding-bottom: 50px !important;}&#8221;][vc_column]\t<a id=\"thb-button-69d54138dd52f\" class=\"btn style3 large  accent small-radius animation bottom-to-top-3d   arrow-enabled\" href=\"https:\/\/giorgiutti.it\/de\/team\/\" target=\"_self\" role=\"button\">\n\t\t\t\t\t<span>Team<\/span>\n\t<svg xmlns=\"http:\/\/www.w3.org\/2000\/svg\" xmlns:xlink=\"http:\/\/www.w3.org\/1999\/xlink\" x=\"0px\" y=\"0px\"\r\n\t width=\"30px\" height=\"18px\" viewBox=\"0 0 30 18\" enable-background=\"new 0 0 30 18\" xml:space=\"preserve\">\r\n<path class=\"handle\" d=\"M20.305,16.212c-0.407,0.409-0.407,1.071,0,1.479s1.068,0.408,1.476,0l7.914-7.952c0.408-0.409,0.408-1.071,0-1.481\r\n\tl-7.914-7.952c-0.407-0.409-1.068-0.409-1.476,0s-0.407,1.071,0,1.48l7.185,7.221L20.305,16.212z\"\/>\r\n<path class=\"bar\" fill-rule=\"evenodd\" clip-rule=\"evenodd\" d=\"M1,8h28.001c0.551,0,1,0.448,1,1c0,0.553-0.449,1-1,1H1c-0.553,0-1-0.447-1-1\r\n\tC0,8.448,0.447,8,1,8z\"\/>\r\n<\/svg>\r\n\t\t<\/a>\n\t\t[\/vc_column][\/vc_row]\n<\/div>","protected":false},"excerpt":{"rendered":"<p>[vc_row thb_full_width=&#8221;true&#8221; thb_row_padding=&#8221;true&#8221; thb_column_padding=&#8221;true&#8221; content_placement=&#8221;middle&#8221; bg_gradient_direction=&#8221;0&#8243; bg_gradient2=&#8221;rgba(10,10,10,0.01)&#8221; css=&#8221;.vc_custom_1675763174879{padding-top: 4vh !important;}&#8221; el_class=&#8221;team-single-heading&#8221;][vc_column width=&#8221;1\/2&#8243; offset=&#8221;vc_col-lg-4&#8243; css=&#8221;.vc_custom_1675763101259{margin-left: 100px !important;}&#8221; el_class=&#8221;col-img&#8221;][\/vc_column][vc_column width=&#8221;1\/2&#8243; offset=&#8221;vc_col-lg-8&#8243; css=&#8221;.vc_custom_1675763114710{padding-right: 50px !important;}&#8221; el_class=&#8221;col-text&#8221;][vc_row_inner][vc_column_inner el_class=&#8221;title-column&#8221; box_shadow=&#8221;medium-shadow&#8221; css=&#8221;.vc_custom_1675693524825{padding-top: 8% !important;padding-right: 10% !important;padding-bottom: 7% !important;padding-left: 10% !important;background-color: #ffffff !important;}&#8221;][vc_custom_heading text=&#8221;Dott. Stefano Di Barbara&#8221; font_container=&#8221;tag:h1|text_align:left&#8221; use_theme_fonts=&#8221;yes&#8221; css_animation=&#8221;fadeInUp&#8221; el_class=&#8221;case-title&#8221;][vc_column_text animation=&#8221;animation bottom-to-top&#8221;]Telefon: 0039 0432 691812 Email: stefano.dibarbara@giorgiutti.it Qualifizierung: Arbeitsberater[\/vc_column_text][\/vc_column_inner][\/vc_row_inner][\/vc_column][\/vc_row][vc_row css=&#8221;.vc_custom_1675694811546{padding-top: 10vh&hellip;<\/p>\n","protected":false},"author":1,"featured_media":1451,"parent":0,"menu_order":0,"comment_status":"closed","ping_status":"closed","template":"","meta":{"footnotes":""},"class_list":["post-1527","page","type-page","status-publish","has-post-thumbnail","hentry"],"yoast_head":"<!-- This site is optimized with the Yoast SEO plugin v27.3 - https:\/\/yoast.com\/product\/yoast-seo-wordpress\/ -->\n<title>Dott. Stefano Di Barbara - Giorgiutti &amp; Di Barbara<\/title>\n<meta name=\"robots\" content=\"index, follow, max-snippet:-1, max-image-preview:large, max-video-preview:-1\" \/>\n<link rel=\"canonical\" href=\"https:\/\/www.giorgiutti.it\/dott-stefano-di-barbara\/\" \/>\n<meta property=\"og:locale\" content=\"de_DE\" \/>\n<meta property=\"og:type\" content=\"article\" \/>\n<meta property=\"og:title\" content=\"Dott. Stefano Di Barbara - Giorgiutti &amp; Di Barbara\" \/>\n<meta property=\"og:description\" content=\"[vc_row thb_full_width=&#8221;true&#8221; thb_row_padding=&#8221;true&#8221; thb_column_padding=&#8221;true&#8221; content_placement=&#8221;middle&#8221; bg_gradient_direction=&#8221;0&#8243; bg_gradient2=&#8221;rgba(10,10,10,0.01)&#8221; css=&#8221;.vc_custom_1675763174879{padding-top: 4vh !important;}&#8221; el_class=&#8221;team-single-heading&#8221;][vc_column width=&#8221;1\/2&#8243; offset=&#8221;vc_col-lg-4&#8243; css=&#8221;.vc_custom_1675763101259{margin-left: 100px !important;}&#8221; el_class=&#8221;col-img&#8221;][\/vc_column][vc_column width=&#8221;1\/2&#8243; offset=&#8221;vc_col-lg-8&#8243; css=&#8221;.vc_custom_1675763114710{padding-right: 50px !important;}&#8221; el_class=&#8221;col-text&#8221;][vc_row_inner][vc_column_inner el_class=&#8221;title-column&#8221; box_shadow=&#8221;medium-shadow&#8221; css=&#8221;.vc_custom_1675693524825{padding-top: 8% !important;padding-right: 10% !important;padding-bottom: 7% !important;padding-left: 10% !important;background-color: #ffffff !important;}&#8221;][vc_custom_heading text=&#8221;Dott. Stefano Di Barbara&#8221; font_container=&#8221;tag:h1|text_align:left&#8221; use_theme_fonts=&#8221;yes&#8221; css_animation=&#8221;fadeInUp&#8221; el_class=&#8221;case-title&#8221;][vc_column_text animation=&#8221;animation bottom-to-top&#8221;]Telefon: 0039 0432 691812 Email: stefano.dibarbara@giorgiutti.it Qualifizierung: Arbeitsberater[\/vc_column_text][\/vc_column_inner][\/vc_row_inner][\/vc_column][\/vc_row][vc_row css=&#8221;.vc_custom_1675694811546{padding-top: 10vh&hellip;\" \/>\n<meta property=\"og:url\" content=\"https:\/\/www.giorgiutti.it\/dott-stefano-di-barbara\/\" \/>\n<meta property=\"og:site_name\" content=\"Giorgiutti &amp; Di Barbara\" \/>\n<meta property=\"article:modified_time\" content=\"2025-12-01T13:30:08+00:00\" \/>\n<meta property=\"og:image\" content=\"https:\/\/www.giorgiutti.it\/wp-content\/uploads\/2023\/11\/Studio_Giorgiutti_1437-e1699627036515.jpg\" \/>\n\t<meta property=\"og:image:width\" content=\"1920\" \/>\n\t<meta property=\"og:image:height\" content=\"1281\" \/>\n\t<meta property=\"og:image:type\" content=\"image\/jpeg\" \/>\n<meta name=\"twitter:card\" content=\"summary_large_image\" \/>\n<meta name=\"twitter:label1\" content=\"Est. reading time\" \/>\n\t<meta name=\"twitter:data1\" content=\"2 minutes\" \/>\n<script type=\"application\/ld+json\" class=\"yoast-schema-graph\">{\"@context\":\"https:\\\/\\\/schema.org\",\"@graph\":[{\"@type\":\"WebPage\",\"@id\":\"https:\\\/\\\/www.giorgiutti.it\\\/dott-stefano-di-barbara\\\/\",\"url\":\"https:\\\/\\\/www.giorgiutti.it\\\/dott-stefano-di-barbara\\\/\",\"name\":\"Dott. Stefano Di Barbara - Giorgiutti &amp; Di Barbara\",\"isPartOf\":{\"@id\":\"https:\\\/\\\/www.giorgiutti.it\\\/#website\"},\"primaryImageOfPage\":{\"@id\":\"https:\\\/\\\/www.giorgiutti.it\\\/dott-stefano-di-barbara\\\/#primaryimage\"},\"image\":{\"@id\":\"https:\\\/\\\/www.giorgiutti.it\\\/dott-stefano-di-barbara\\\/#primaryimage\"},\"thumbnailUrl\":\"https:\\\/\\\/www.giorgiutti.it\\\/wp-content\\\/uploads\\\/2023\\\/11\\\/Studio_Giorgiutti_1437-e1699627036515.jpg\",\"datePublished\":\"2023-02-06T16:01:26+00:00\",\"dateModified\":\"2025-12-01T13:30:08+00:00\",\"breadcrumb\":{\"@id\":\"https:\\\/\\\/www.giorgiutti.it\\\/dott-stefano-di-barbara\\\/#breadcrumb\"},\"inLanguage\":\"de-DE\",\"potentialAction\":[{\"@type\":\"ReadAction\",\"target\":[\"https:\\\/\\\/www.giorgiutti.it\\\/dott-stefano-di-barbara\\\/\"]}]},{\"@type\":\"ImageObject\",\"inLanguage\":\"de-DE\",\"@id\":\"https:\\\/\\\/www.giorgiutti.it\\\/dott-stefano-di-barbara\\\/#primaryimage\",\"url\":\"https:\\\/\\\/www.giorgiutti.it\\\/wp-content\\\/uploads\\\/2023\\\/11\\\/Studio_Giorgiutti_1437-e1699627036515.jpg\",\"contentUrl\":\"https:\\\/\\\/www.giorgiutti.it\\\/wp-content\\\/uploads\\\/2023\\\/11\\\/Studio_Giorgiutti_1437-e1699627036515.jpg\",\"width\":1920,\"height\":1281},{\"@type\":\"BreadcrumbList\",\"@id\":\"https:\\\/\\\/www.giorgiutti.it\\\/dott-stefano-di-barbara\\\/#breadcrumb\",\"itemListElement\":[{\"@type\":\"ListItem\",\"position\":1,\"name\":\"Home\",\"item\":\"https:\\\/\\\/www.giorgiutti.it\\\/de\\\/\"},{\"@type\":\"ListItem\",\"position\":2,\"name\":\"Dott. Stefano Di Barbara\"}]},{\"@type\":\"WebSite\",\"@id\":\"https:\\\/\\\/www.giorgiutti.it\\\/#website\",\"url\":\"https:\\\/\\\/www.giorgiutti.it\\\/\",\"name\":\"Giorgiutti & Di Barbara\",\"description\":\"Studio Consulenze del Lavoro\",\"publisher\":{\"@id\":\"https:\\\/\\\/www.giorgiutti.it\\\/#organization\"},\"potentialAction\":[{\"@type\":\"SearchAction\",\"target\":{\"@type\":\"EntryPoint\",\"urlTemplate\":\"https:\\\/\\\/www.giorgiutti.it\\\/?s={search_term_string}\"},\"query-input\":{\"@type\":\"PropertyValueSpecification\",\"valueRequired\":true,\"valueName\":\"search_term_string\"}}],\"inLanguage\":\"de-DE\"},{\"@type\":\"Organization\",\"@id\":\"https:\\\/\\\/www.giorgiutti.it\\\/#organization\",\"name\":\"Giorgiutti & Di Barbara\",\"url\":\"https:\\\/\\\/www.giorgiutti.it\\\/\",\"logo\":{\"@type\":\"ImageObject\",\"inLanguage\":\"de-DE\",\"@id\":\"https:\\\/\\\/www.giorgiutti.it\\\/#\\\/schema\\\/logo\\\/image\\\/\",\"url\":\"https:\\\/\\\/www.giorgiutti.it\\\/wp-content\\\/uploads\\\/2023\\\/01\\\/logo-completo-blu.svg\",\"contentUrl\":\"https:\\\/\\\/www.giorgiutti.it\\\/wp-content\\\/uploads\\\/2023\\\/01\\\/logo-completo-blu.svg\",\"width\":1,\"height\":1,\"caption\":\"Giorgiutti & Di Barbara\"},\"image\":{\"@id\":\"https:\\\/\\\/www.giorgiutti.it\\\/#\\\/schema\\\/logo\\\/image\\\/\"},\"sameAs\":[\"https:\\\/\\\/www.linkedin.com\\\/company\\\/giorgiutti-srl?trk=biz-companies-cym\"]}]}<\/script>\n<!-- \/ Yoast SEO plugin. -->","yoast_head_json":{"title":"Dott. Stefano Di Barbara - Giorgiutti &amp; Di Barbara","robots":{"index":"index","follow":"follow","max-snippet":"max-snippet:-1","max-image-preview":"max-image-preview:large","max-video-preview":"max-video-preview:-1"},"canonical":"https:\/\/www.giorgiutti.it\/dott-stefano-di-barbara\/","og_locale":"de_DE","og_type":"article","og_title":"Dott. Stefano Di Barbara - Giorgiutti &amp; Di Barbara","og_description":"[vc_row thb_full_width=&#8221;true&#8221; thb_row_padding=&#8221;true&#8221; thb_column_padding=&#8221;true&#8221; content_placement=&#8221;middle&#8221; bg_gradient_direction=&#8221;0&#8243; bg_gradient2=&#8221;rgba(10,10,10,0.01)&#8221; css=&#8221;.vc_custom_1675763174879{padding-top: 4vh !important;}&#8221; el_class=&#8221;team-single-heading&#8221;][vc_column width=&#8221;1\/2&#8243; offset=&#8221;vc_col-lg-4&#8243; css=&#8221;.vc_custom_1675763101259{margin-left: 100px !important;}&#8221; el_class=&#8221;col-img&#8221;][\/vc_column][vc_column width=&#8221;1\/2&#8243; offset=&#8221;vc_col-lg-8&#8243; css=&#8221;.vc_custom_1675763114710{padding-right: 50px !important;}&#8221; el_class=&#8221;col-text&#8221;][vc_row_inner][vc_column_inner el_class=&#8221;title-column&#8221; box_shadow=&#8221;medium-shadow&#8221; css=&#8221;.vc_custom_1675693524825{padding-top: 8% !important;padding-right: 10% !important;padding-bottom: 7% !important;padding-left: 10% !important;background-color: #ffffff !important;}&#8221;][vc_custom_heading text=&#8221;Dott. Stefano Di Barbara&#8221; font_container=&#8221;tag:h1|text_align:left&#8221; use_theme_fonts=&#8221;yes&#8221; css_animation=&#8221;fadeInUp&#8221; el_class=&#8221;case-title&#8221;][vc_column_text animation=&#8221;animation bottom-to-top&#8221;]Telefon: 0039 0432 691812 Email: stefano.dibarbara@giorgiutti.it Qualifizierung: Arbeitsberater[\/vc_column_text][\/vc_column_inner][\/vc_row_inner][\/vc_column][\/vc_row][vc_row css=&#8221;.vc_custom_1675694811546{padding-top: 10vh&hellip;","og_url":"https:\/\/www.giorgiutti.it\/dott-stefano-di-barbara\/","og_site_name":"Giorgiutti &amp; Di Barbara","article_modified_time":"2025-12-01T13:30:08+00:00","og_image":[{"width":1920,"height":1281,"url":"https:\/\/www.giorgiutti.it\/wp-content\/uploads\/2023\/11\/Studio_Giorgiutti_1437-e1699627036515.jpg","type":"image\/jpeg"}],"twitter_card":"summary_large_image","twitter_misc":{"Est. reading time":"2 minutes"},"schema":{"@context":"https:\/\/schema.org","@graph":[{"@type":"WebPage","@id":"https:\/\/www.giorgiutti.it\/dott-stefano-di-barbara\/","url":"https:\/\/www.giorgiutti.it\/dott-stefano-di-barbara\/","name":"Dott. Stefano Di Barbara - Giorgiutti &amp; Di Barbara","isPartOf":{"@id":"https:\/\/www.giorgiutti.it\/#website"},"primaryImageOfPage":{"@id":"https:\/\/www.giorgiutti.it\/dott-stefano-di-barbara\/#primaryimage"},"image":{"@id":"https:\/\/www.giorgiutti.it\/dott-stefano-di-barbara\/#primaryimage"},"thumbnailUrl":"https:\/\/www.giorgiutti.it\/wp-content\/uploads\/2023\/11\/Studio_Giorgiutti_1437-e1699627036515.jpg","datePublished":"2023-02-06T16:01:26+00:00","dateModified":"2025-12-01T13:30:08+00:00","breadcrumb":{"@id":"https:\/\/www.giorgiutti.it\/dott-stefano-di-barbara\/#breadcrumb"},"inLanguage":"de-DE","potentialAction":[{"@type":"ReadAction","target":["https:\/\/www.giorgiutti.it\/dott-stefano-di-barbara\/"]}]},{"@type":"ImageObject","inLanguage":"de-DE","@id":"https:\/\/www.giorgiutti.it\/dott-stefano-di-barbara\/#primaryimage","url":"https:\/\/www.giorgiutti.it\/wp-content\/uploads\/2023\/11\/Studio_Giorgiutti_1437-e1699627036515.jpg","contentUrl":"https:\/\/www.giorgiutti.it\/wp-content\/uploads\/2023\/11\/Studio_Giorgiutti_1437-e1699627036515.jpg","width":1920,"height":1281},{"@type":"BreadcrumbList","@id":"https:\/\/www.giorgiutti.it\/dott-stefano-di-barbara\/#breadcrumb","itemListElement":[{"@type":"ListItem","position":1,"name":"Home","item":"https:\/\/www.giorgiutti.it\/de\/"},{"@type":"ListItem","position":2,"name":"Dott. Stefano Di Barbara"}]},{"@type":"WebSite","@id":"https:\/\/www.giorgiutti.it\/#website","url":"https:\/\/www.giorgiutti.it\/","name":"Giorgiutti & Di Barbara","description":"Studio Consulenze del Lavoro","publisher":{"@id":"https:\/\/www.giorgiutti.it\/#organization"},"potentialAction":[{"@type":"SearchAction","target":{"@type":"EntryPoint","urlTemplate":"https:\/\/www.giorgiutti.it\/?s={search_term_string}"},"query-input":{"@type":"PropertyValueSpecification","valueRequired":true,"valueName":"search_term_string"}}],"inLanguage":"de-DE"},{"@type":"Organization","@id":"https:\/\/www.giorgiutti.it\/#organization","name":"Giorgiutti & Di Barbara","url":"https:\/\/www.giorgiutti.it\/","logo":{"@type":"ImageObject","inLanguage":"de-DE","@id":"https:\/\/www.giorgiutti.it\/#\/schema\/logo\/image\/","url":"https:\/\/www.giorgiutti.it\/wp-content\/uploads\/2023\/01\/logo-completo-blu.svg","contentUrl":"https:\/\/www.giorgiutti.it\/wp-content\/uploads\/2023\/01\/logo-completo-blu.svg","width":1,"height":1,"caption":"Giorgiutti & Di Barbara"},"image":{"@id":"https:\/\/www.giorgiutti.it\/#\/schema\/logo\/image\/"},"sameAs":["https:\/\/www.linkedin.com\/company\/giorgiutti-srl?trk=biz-companies-cym"]}]}},"_links":{"self":[{"href":"https:\/\/www.giorgiutti.it\/de\/wp-json\/wp\/v2\/pages\/1527","targetHints":{"allow":["GET"]}}],"collection":[{"href":"https:\/\/www.giorgiutti.it\/de\/wp-json\/wp\/v2\/pages"}],"about":[{"href":"https:\/\/www.giorgiutti.it\/de\/wp-json\/wp\/v2\/types\/page"}],"author":[{"embeddable":true,"href":"https:\/\/www.giorgiutti.it\/de\/wp-json\/wp\/v2\/users\/1"}],"replies":[{"embeddable":true,"href":"https:\/\/www.giorgiutti.it\/de\/wp-json\/wp\/v2\/comments?post=1527"}],"version-history":[{"count":20,"href":"https:\/\/www.giorgiutti.it\/de\/wp-json\/wp\/v2\/pages\/1527\/revisions"}],"predecessor-version":[{"id":4358,"href":"https:\/\/www.giorgiutti.it\/de\/wp-json\/wp\/v2\/pages\/1527\/revisions\/4358"}],"wp:featuredmedia":[{"embeddable":true,"href":"https:\/\/www.giorgiutti.it\/de\/wp-json\/wp\/v2\/media\/1451"}],"wp:attachment":[{"href":"https:\/\/www.giorgiutti.it\/de\/wp-json\/wp\/v2\/media?parent=1527"}],"curies":[{"name":"wp","href":"https:\/\/api.w.org\/{rel}","templated":true}]}}