{"id":1521,"date":"2023-02-06T15:08:43","date_gmt":"2023-02-06T14:08:43","guid":{"rendered":"https:\/\/giorgiutti.it\/team\/dott-alberto-giorgiutti\/"},"modified":"2024-01-09T16:24:22","modified_gmt":"2024-01-09T15:24:22","slug":"dott-alberto-giorgiutti","status":"publish","type":"page","link":"https:\/\/www.giorgiutti.it\/de\/dott-alberto-giorgiutti\/","title":{"rendered":"Dott. Alberto Giorgiutti"},"content":{"rendered":"<div class=\"wpb-content-wrapper\">[vc_row thb_full_width=&#8221;true&#8221; thb_row_padding=&#8221;true&#8221; thb_column_padding=&#8221;true&#8221; content_placement=&#8221;middle&#8221; bg_gradient_direction=&#8221;0&#8243; bg_gradient2=&#8221;rgba(10,10,10,0.01)&#8221; css=&#8221;.vc_custom_1675764325464{padding-top: 4vh !important;}&#8221; el_class=&#8221;team-single-heading&#8221;][vc_column width=&#8221;1\/2&#8243; offset=&#8221;vc_col-lg-4&#8243; css=&#8221;.vc_custom_1675764302773{margin-left: 100px !important;}&#8221; el_class=&#8221;col-img&#8221;]\t<div id=\"thb-image-69ef2eb47bc3d\" class=\"caption-style1  aligncenter full  thb_image_link wp-caption \">\n\t\t\t<div class=\"thb-image-inner size_100\">\n\t\t\t<img loading=\"lazy\" decoding=\"async\" width=\"1920\" height=\"1281\" src=\"https:\/\/www.giorgiutti.it\/wp-content\/uploads\/2023\/11\/Studio_Giorgiutti_1260-e1699627164349.jpg\" class=\"thb_image    attachment-full\" alt=\"\" title=\"Studio_Giorgiutti_1260\" \/>\t\t\t\t\t<\/div>\n\t\t\t\t\t<\/div>\n\t[\/vc_column][vc_column width=&#8221;1\/2&#8243; offset=&#8221;vc_col-lg-8&#8243; css=&#8221;.vc_custom_1675764431566{padding-right: 50px !important;}&#8221; el_class=&#8221;col-text&#8221;][vc_row_inner][vc_column_inner el_class=&#8221;title-column&#8221; box_shadow=&#8221;medium-shadow&#8221; css=&#8221;.vc_custom_1675693524825{padding-top: 8% !important;padding-right: 10% !important;padding-bottom: 7% !important;padding-left: 10% !important;background-color: #ffffff !important;}&#8221;][vc_custom_heading text=&#8221;Dott. Alberto Giorgiutti&#8221; font_container=&#8221;tag:h1|text_align:left&#8221; use_theme_fonts=&#8221;yes&#8221; css_animation=&#8221;fadeInUp&#8221; el_class=&#8221;case-title&#8221;][vc_column_text animation=&#8221;animation bottom-to-top&#8221;]Telefon: 0039 0432 691817<br \/>\nEmail: <a href=\"mailto:alberto.giorgiutti@giorgiutti.it\">alberto.giorgiutti@giorgiutti.it<\/a><br \/>\nQualifizierung: Arbeitsberater<\/p>\n<p>&nbsp;[\/vc_column_text][\/vc_column_inner][\/vc_row_inner][\/vc_column][\/vc_row][vc_row css=&#8221;.vc_custom_1675694811546{padding-top: 10vh !important;padding-bottom: 10vh !important;}&#8221;][vc_column][vc_row_inner][vc_column_inner el_class=&#8221;title-column&#8221; box_shadow=&#8221;large-shadow&#8221; css=&#8221;.vc_custom_1675695096273{padding-top: 8% !important;padding-right: 10% !important;padding-bottom: 7% !important;padding-left: 10% !important;background-color: #ffffff !important;}&#8221;][vc_column_text animation=&#8221;animation bottom-to-top&#8221;]Studium der Betriebswirtschaft an der Universit\u00e4t von Triest im Jahr 1996 abgeschlossen. W\u00e4hrenddessen studierte er zeitweise in Wien bei der University for Economics and Business und sechs Monate bei der Wirtschaftsuniversit\u00e4t in Hamburg.<\/p>\n<p>Seit 1996 hat er eine der in der Region f\u00fchrenden Kanzleien verst\u00e4rkt, und die zweite und dritte Generation der historischen Kunden konsolidiert, dessen erste Generation ab 1953 erworben wurde. Er hat die Zahl der neuen Kunden kontrolliert erh\u00f6ht, und somit einen hohen Qualit\u00e4tsstandart erhalten und den j\u00e4hrlichen Kundenturnover unter 1% festgelegt.<\/p>\n<p>Er ist Verwalter der GIORGIUTTI Ges.m.b.H., die sich um Ausarbeitung der Lohnabrechnung, Budget und F\u00fcrsorgebeitr\u00e4ge f\u00fcr \u00fcber 500 Kunden k\u00fcmmert, und leitet ein Team von 25 Personen. Er ist Partner der GIORGIUTTI Alberto &amp; Associati im Sachgebiet der reinen Arbeitsrechtberatung: er ist zur Verwaltung des Einheitslohnbuches und dessen Obliegenheiten erm\u00e4chtigt, und ist spezialisiert auf Arbeitsstreitverfahren, Beratung bei vertraglichen, arbeitsrechtlichen, f\u00fcr- und forsorglichen Einstufung. Er f\u00fchrt die Arbeitsrechtberatung f\u00fcr institutionelle Kunden, f\u00fcr Besitzgesellschaften oder Gro\u00dfkonzerne.<\/p>\n<p>Er besitzt eine starke Neigung zur schnellen und effektiven Konfliktregelung zur positiven Abwicklung der Transaktionen und um das Risiko eines Arbeitsstreitverfahren zu mindern.<\/p>\n<p>Er koordiniert seine Arbeit auch mit den Freiberuflern seiner Kunden (Wirtschaftspr\u00fcfer, Anw\u00e4lte, Experte f\u00fcr Sicherheit, Arbeitsmediziner usw.), um als Team die bestm\u00f6glichen strategische L\u00f6sungen zu finden.<\/p>\n<p>Er hat Erfahrung im Gebiet der Qualit\u00e4tsst\u00e4rkung der Betriebe, der Leistungssysteme, Kontrollsysteme in der Betriebsf\u00fchrung, Wettbewerbsschutzsysteme, Vertragsrecht zweiten Grades, Outplacement, vergleichende und strategische Bewertungsverfahren der Personalkosten, Erfassung der Kompetenzen und Erhebung des Risikos, entwickelt.<\/p>\n<p>Er ist Dozent f\u00fcr den Master of Human Resources an der Universit\u00e4t Udine und h\u00e4lt Vortr\u00e4ge in Studieng\u00e4ngen und an regionalen Ausbildungseinrichtungen.<\/p>\n<p>Si \u00e8 specializzato nella sostenibilit\u00e0 delle Onlus.[\/vc_column_text][\/vc_column_inner][\/vc_row_inner][\/vc_column][\/vc_row][vc_row el_class=&#8221;text-center&#8221; css=&#8221;.vc_custom_1699886674967{padding-bottom: 50px !important;}&#8221;][vc_column]\t<a id=\"thb-button-69ef2eb47c595\" class=\"btn style3 large  accent small-radius animation bottom-to-top-3d   arrow-enabled\" href=\"https:\/\/giorgiutti.it\/de\/team\/\" target=\"_self\" role=\"button\">\n\t\t\t\t\t<span>Team<\/span>\n\t<svg xmlns=\"http:\/\/www.w3.org\/2000\/svg\" xmlns:xlink=\"http:\/\/www.w3.org\/1999\/xlink\" x=\"0px\" y=\"0px\"\r\n\t width=\"30px\" height=\"18px\" viewBox=\"0 0 30 18\" enable-background=\"new 0 0 30 18\" xml:space=\"preserve\">\r\n<path class=\"handle\" d=\"M20.305,16.212c-0.407,0.409-0.407,1.071,0,1.479s1.068,0.408,1.476,0l7.914-7.952c0.408-0.409,0.408-1.071,0-1.481\r\n\tl-7.914-7.952c-0.407-0.409-1.068-0.409-1.476,0s-0.407,1.071,0,1.48l7.185,7.221L20.305,16.212z\"\/>\r\n<path class=\"bar\" fill-rule=\"evenodd\" clip-rule=\"evenodd\" d=\"M1,8h28.001c0.551,0,1,0.448,1,1c0,0.553-0.449,1-1,1H1c-0.553,0-1-0.447-1-1\r\n\tC0,8.448,0.447,8,1,8z\"\/>\r\n<\/svg>\r\n\t\t<\/a>\n\t\t[\/vc_column][\/vc_row]\n<\/div>","protected":false},"excerpt":{"rendered":"<p>[vc_row thb_full_width=&#8221;true&#8221; thb_row_padding=&#8221;true&#8221; thb_column_padding=&#8221;true&#8221; content_placement=&#8221;middle&#8221; bg_gradient_direction=&#8221;0&#8243; bg_gradient2=&#8221;rgba(10,10,10,0.01)&#8221; css=&#8221;.vc_custom_1675764325464{padding-top: 4vh !important;}&#8221; el_class=&#8221;team-single-heading&#8221;][vc_column width=&#8221;1\/2&#8243; offset=&#8221;vc_col-lg-4&#8243; css=&#8221;.vc_custom_1675764302773{margin-left: 100px !important;}&#8221; el_class=&#8221;col-img&#8221;][\/vc_column][vc_column width=&#8221;1\/2&#8243; offset=&#8221;vc_col-lg-8&#8243; css=&#8221;.vc_custom_1675764431566{padding-right: 50px !important;}&#8221; el_class=&#8221;col-text&#8221;][vc_row_inner][vc_column_inner el_class=&#8221;title-column&#8221; box_shadow=&#8221;medium-shadow&#8221; css=&#8221;.vc_custom_1675693524825{padding-top: 8% !important;padding-right: 10% !important;padding-bottom: 7% !important;padding-left: 10% !important;background-color: #ffffff !important;}&#8221;][vc_custom_heading text=&#8221;Dott. Alberto Giorgiutti&#8221; font_container=&#8221;tag:h1|text_align:left&#8221; use_theme_fonts=&#8221;yes&#8221; css_animation=&#8221;fadeInUp&#8221; el_class=&#8221;case-title&#8221;][vc_column_text animation=&#8221;animation bottom-to-top&#8221;]Telefon: 0039 0432 691817 Email: alberto.giorgiutti@giorgiutti.it Qualifizierung: Arbeitsberater &nbsp;[\/vc_column_text][\/vc_column_inner][\/vc_row_inner][\/vc_column][\/vc_row][vc_row css=&#8221;.vc_custom_1675694811546{padding-top: 10vh&hellip;<\/p>\n","protected":false},"author":1,"featured_media":1455,"parent":0,"menu_order":0,"comment_status":"closed","ping_status":"closed","template":"","meta":{"footnotes":""},"class_list":["post-1521","page","type-page","status-publish","has-post-thumbnail","hentry"],"yoast_head":"<!-- This site is optimized with the Yoast SEO plugin v27.4 - https:\/\/yoast.com\/product\/yoast-seo-wordpress\/ -->\n<title>Dott. Alberto Giorgiutti - Giorgiutti &amp; Di Barbara<\/title>\n<meta name=\"robots\" content=\"index, follow, max-snippet:-1, max-image-preview:large, max-video-preview:-1\" \/>\n<link rel=\"canonical\" href=\"https:\/\/www.giorgiutti.it\/de\/team__trashed\/dott-alberto-giorgiutti\/\" \/>\n<meta property=\"og:locale\" content=\"de_DE\" \/>\n<meta property=\"og:type\" content=\"article\" \/>\n<meta property=\"og:title\" content=\"Dott. Alberto Giorgiutti - Giorgiutti &amp; Di Barbara\" \/>\n<meta property=\"og:description\" content=\"[vc_row thb_full_width=&#8221;true&#8221; thb_row_padding=&#8221;true&#8221; thb_column_padding=&#8221;true&#8221; content_placement=&#8221;middle&#8221; bg_gradient_direction=&#8221;0&#8243; bg_gradient2=&#8221;rgba(10,10,10,0.01)&#8221; css=&#8221;.vc_custom_1675764325464{padding-top: 4vh !important;}&#8221; el_class=&#8221;team-single-heading&#8221;][vc_column width=&#8221;1\/2&#8243; offset=&#8221;vc_col-lg-4&#8243; css=&#8221;.vc_custom_1675764302773{margin-left: 100px !important;}&#8221; el_class=&#8221;col-img&#8221;][\/vc_column][vc_column width=&#8221;1\/2&#8243; offset=&#8221;vc_col-lg-8&#8243; css=&#8221;.vc_custom_1675764431566{padding-right: 50px !important;}&#8221; el_class=&#8221;col-text&#8221;][vc_row_inner][vc_column_inner el_class=&#8221;title-column&#8221; box_shadow=&#8221;medium-shadow&#8221; css=&#8221;.vc_custom_1675693524825{padding-top: 8% !important;padding-right: 10% !important;padding-bottom: 7% !important;padding-left: 10% !important;background-color: #ffffff !important;}&#8221;][vc_custom_heading text=&#8221;Dott. Alberto Giorgiutti&#8221; font_container=&#8221;tag:h1|text_align:left&#8221; use_theme_fonts=&#8221;yes&#8221; css_animation=&#8221;fadeInUp&#8221; el_class=&#8221;case-title&#8221;][vc_column_text animation=&#8221;animation bottom-to-top&#8221;]Telefon: 0039 0432 691817 Email: alberto.giorgiutti@giorgiutti.it Qualifizierung: Arbeitsberater &nbsp;[\/vc_column_text][\/vc_column_inner][\/vc_row_inner][\/vc_column][\/vc_row][vc_row css=&#8221;.vc_custom_1675694811546{padding-top: 10vh&hellip;\" \/>\n<meta property=\"og:url\" content=\"https:\/\/www.giorgiutti.it\/de\/team__trashed\/dott-alberto-giorgiutti\/\" \/>\n<meta property=\"og:site_name\" content=\"Giorgiutti &amp; Di Barbara\" \/>\n<meta property=\"article:modified_time\" content=\"2024-01-09T15:24:22+00:00\" \/>\n<meta property=\"og:image\" content=\"https:\/\/www.giorgiutti.it\/wp-content\/uploads\/2023\/11\/Studio_Giorgiutti_1260-e1699627164349.jpg\" \/>\n\t<meta property=\"og:image:width\" content=\"1920\" \/>\n\t<meta property=\"og:image:height\" content=\"1281\" \/>\n\t<meta property=\"og:image:type\" content=\"image\/jpeg\" \/>\n<meta name=\"twitter:card\" content=\"summary_large_image\" \/>\n<meta name=\"twitter:label1\" content=\"Est. reading time\" \/>\n\t<meta name=\"twitter:data1\" content=\"3 minutes\" \/>\n<script type=\"application\/ld+json\" class=\"yoast-schema-graph\">{\"@context\":\"https:\\\/\\\/schema.org\",\"@graph\":[{\"@type\":\"WebPage\",\"@id\":\"https:\\\/\\\/www.giorgiutti.it\\\/de\\\/team__trashed\\\/dott-alberto-giorgiutti\\\/\",\"url\":\"https:\\\/\\\/www.giorgiutti.it\\\/de\\\/team__trashed\\\/dott-alberto-giorgiutti\\\/\",\"name\":\"Dott. Alberto Giorgiutti - Giorgiutti &amp; Di Barbara\",\"isPartOf\":{\"@id\":\"https:\\\/\\\/www.giorgiutti.it\\\/#website\"},\"primaryImageOfPage\":{\"@id\":\"https:\\\/\\\/www.giorgiutti.it\\\/de\\\/team__trashed\\\/dott-alberto-giorgiutti\\\/#primaryimage\"},\"image\":{\"@id\":\"https:\\\/\\\/www.giorgiutti.it\\\/de\\\/team__trashed\\\/dott-alberto-giorgiutti\\\/#primaryimage\"},\"thumbnailUrl\":\"https:\\\/\\\/www.giorgiutti.it\\\/wp-content\\\/uploads\\\/2023\\\/11\\\/Studio_Giorgiutti_1260-e1699627164349.jpg\",\"datePublished\":\"2023-02-06T14:08:43+00:00\",\"dateModified\":\"2024-01-09T15:24:22+00:00\",\"breadcrumb\":{\"@id\":\"https:\\\/\\\/www.giorgiutti.it\\\/de\\\/team__trashed\\\/dott-alberto-giorgiutti\\\/#breadcrumb\"},\"inLanguage\":\"de-DE\",\"potentialAction\":[{\"@type\":\"ReadAction\",\"target\":[\"https:\\\/\\\/www.giorgiutti.it\\\/de\\\/team__trashed\\\/dott-alberto-giorgiutti\\\/\"]}]},{\"@type\":\"ImageObject\",\"inLanguage\":\"de-DE\",\"@id\":\"https:\\\/\\\/www.giorgiutti.it\\\/de\\\/team__trashed\\\/dott-alberto-giorgiutti\\\/#primaryimage\",\"url\":\"https:\\\/\\\/www.giorgiutti.it\\\/wp-content\\\/uploads\\\/2023\\\/11\\\/Studio_Giorgiutti_1260-e1699627164349.jpg\",\"contentUrl\":\"https:\\\/\\\/www.giorgiutti.it\\\/wp-content\\\/uploads\\\/2023\\\/11\\\/Studio_Giorgiutti_1260-e1699627164349.jpg\",\"width\":1920,\"height\":1281},{\"@type\":\"BreadcrumbList\",\"@id\":\"https:\\\/\\\/www.giorgiutti.it\\\/de\\\/team__trashed\\\/dott-alberto-giorgiutti\\\/#breadcrumb\",\"itemListElement\":[{\"@type\":\"ListItem\",\"position\":1,\"name\":\"Home\",\"item\":\"https:\\\/\\\/www.giorgiutti.it\\\/de\\\/\"},{\"@type\":\"ListItem\",\"position\":2,\"name\":\"Dott. Alberto Giorgiutti\"}]},{\"@type\":\"WebSite\",\"@id\":\"https:\\\/\\\/www.giorgiutti.it\\\/#website\",\"url\":\"https:\\\/\\\/www.giorgiutti.it\\\/\",\"name\":\"Giorgiutti & Di Barbara\",\"description\":\"Studio Consulenze del Lavoro\",\"publisher\":{\"@id\":\"https:\\\/\\\/www.giorgiutti.it\\\/#organization\"},\"potentialAction\":[{\"@type\":\"SearchAction\",\"target\":{\"@type\":\"EntryPoint\",\"urlTemplate\":\"https:\\\/\\\/www.giorgiutti.it\\\/?s={search_term_string}\"},\"query-input\":{\"@type\":\"PropertyValueSpecification\",\"valueRequired\":true,\"valueName\":\"search_term_string\"}}],\"inLanguage\":\"de-DE\"},{\"@type\":\"Organization\",\"@id\":\"https:\\\/\\\/www.giorgiutti.it\\\/#organization\",\"name\":\"Giorgiutti & Di Barbara\",\"url\":\"https:\\\/\\\/www.giorgiutti.it\\\/\",\"logo\":{\"@type\":\"ImageObject\",\"inLanguage\":\"de-DE\",\"@id\":\"https:\\\/\\\/www.giorgiutti.it\\\/#\\\/schema\\\/logo\\\/image\\\/\",\"url\":\"https:\\\/\\\/www.giorgiutti.it\\\/wp-content\\\/uploads\\\/2023\\\/01\\\/logo-completo-blu.svg\",\"contentUrl\":\"https:\\\/\\\/www.giorgiutti.it\\\/wp-content\\\/uploads\\\/2023\\\/01\\\/logo-completo-blu.svg\",\"width\":1,\"height\":1,\"caption\":\"Giorgiutti & Di Barbara\"},\"image\":{\"@id\":\"https:\\\/\\\/www.giorgiutti.it\\\/#\\\/schema\\\/logo\\\/image\\\/\"},\"sameAs\":[\"https:\\\/\\\/www.linkedin.com\\\/company\\\/giorgiutti-srl?trk=biz-companies-cym\"]}]}<\/script>\n<!-- \/ Yoast SEO plugin. -->","yoast_head_json":{"title":"Dott. Alberto Giorgiutti - Giorgiutti &amp; Di Barbara","robots":{"index":"index","follow":"follow","max-snippet":"max-snippet:-1","max-image-preview":"max-image-preview:large","max-video-preview":"max-video-preview:-1"},"canonical":"https:\/\/www.giorgiutti.it\/de\/team__trashed\/dott-alberto-giorgiutti\/","og_locale":"de_DE","og_type":"article","og_title":"Dott. Alberto Giorgiutti - Giorgiutti &amp; Di Barbara","og_description":"[vc_row thb_full_width=&#8221;true&#8221; thb_row_padding=&#8221;true&#8221; thb_column_padding=&#8221;true&#8221; content_placement=&#8221;middle&#8221; bg_gradient_direction=&#8221;0&#8243; bg_gradient2=&#8221;rgba(10,10,10,0.01)&#8221; css=&#8221;.vc_custom_1675764325464{padding-top: 4vh !important;}&#8221; el_class=&#8221;team-single-heading&#8221;][vc_column width=&#8221;1\/2&#8243; offset=&#8221;vc_col-lg-4&#8243; css=&#8221;.vc_custom_1675764302773{margin-left: 100px !important;}&#8221; el_class=&#8221;col-img&#8221;][\/vc_column][vc_column width=&#8221;1\/2&#8243; offset=&#8221;vc_col-lg-8&#8243; css=&#8221;.vc_custom_1675764431566{padding-right: 50px !important;}&#8221; el_class=&#8221;col-text&#8221;][vc_row_inner][vc_column_inner el_class=&#8221;title-column&#8221; box_shadow=&#8221;medium-shadow&#8221; css=&#8221;.vc_custom_1675693524825{padding-top: 8% !important;padding-right: 10% !important;padding-bottom: 7% !important;padding-left: 10% !important;background-color: #ffffff !important;}&#8221;][vc_custom_heading text=&#8221;Dott. Alberto Giorgiutti&#8221; font_container=&#8221;tag:h1|text_align:left&#8221; use_theme_fonts=&#8221;yes&#8221; css_animation=&#8221;fadeInUp&#8221; el_class=&#8221;case-title&#8221;][vc_column_text animation=&#8221;animation bottom-to-top&#8221;]Telefon: 0039 0432 691817 Email: alberto.giorgiutti@giorgiutti.it Qualifizierung: Arbeitsberater &nbsp;[\/vc_column_text][\/vc_column_inner][\/vc_row_inner][\/vc_column][\/vc_row][vc_row css=&#8221;.vc_custom_1675694811546{padding-top: 10vh&hellip;","og_url":"https:\/\/www.giorgiutti.it\/de\/team__trashed\/dott-alberto-giorgiutti\/","og_site_name":"Giorgiutti &amp; Di Barbara","article_modified_time":"2024-01-09T15:24:22+00:00","og_image":[{"width":1920,"height":1281,"url":"https:\/\/www.giorgiutti.it\/wp-content\/uploads\/2023\/11\/Studio_Giorgiutti_1260-e1699627164349.jpg","type":"image\/jpeg"}],"twitter_card":"summary_large_image","twitter_misc":{"Est. reading time":"3 minutes"},"schema":{"@context":"https:\/\/schema.org","@graph":[{"@type":"WebPage","@id":"https:\/\/www.giorgiutti.it\/de\/team__trashed\/dott-alberto-giorgiutti\/","url":"https:\/\/www.giorgiutti.it\/de\/team__trashed\/dott-alberto-giorgiutti\/","name":"Dott. Alberto Giorgiutti - Giorgiutti &amp; Di Barbara","isPartOf":{"@id":"https:\/\/www.giorgiutti.it\/#website"},"primaryImageOfPage":{"@id":"https:\/\/www.giorgiutti.it\/de\/team__trashed\/dott-alberto-giorgiutti\/#primaryimage"},"image":{"@id":"https:\/\/www.giorgiutti.it\/de\/team__trashed\/dott-alberto-giorgiutti\/#primaryimage"},"thumbnailUrl":"https:\/\/www.giorgiutti.it\/wp-content\/uploads\/2023\/11\/Studio_Giorgiutti_1260-e1699627164349.jpg","datePublished":"2023-02-06T14:08:43+00:00","dateModified":"2024-01-09T15:24:22+00:00","breadcrumb":{"@id":"https:\/\/www.giorgiutti.it\/de\/team__trashed\/dott-alberto-giorgiutti\/#breadcrumb"},"inLanguage":"de-DE","potentialAction":[{"@type":"ReadAction","target":["https:\/\/www.giorgiutti.it\/de\/team__trashed\/dott-alberto-giorgiutti\/"]}]},{"@type":"ImageObject","inLanguage":"de-DE","@id":"https:\/\/www.giorgiutti.it\/de\/team__trashed\/dott-alberto-giorgiutti\/#primaryimage","url":"https:\/\/www.giorgiutti.it\/wp-content\/uploads\/2023\/11\/Studio_Giorgiutti_1260-e1699627164349.jpg","contentUrl":"https:\/\/www.giorgiutti.it\/wp-content\/uploads\/2023\/11\/Studio_Giorgiutti_1260-e1699627164349.jpg","width":1920,"height":1281},{"@type":"BreadcrumbList","@id":"https:\/\/www.giorgiutti.it\/de\/team__trashed\/dott-alberto-giorgiutti\/#breadcrumb","itemListElement":[{"@type":"ListItem","position":1,"name":"Home","item":"https:\/\/www.giorgiutti.it\/de\/"},{"@type":"ListItem","position":2,"name":"Dott. Alberto Giorgiutti"}]},{"@type":"WebSite","@id":"https:\/\/www.giorgiutti.it\/#website","url":"https:\/\/www.giorgiutti.it\/","name":"Giorgiutti & Di Barbara","description":"Studio Consulenze del Lavoro","publisher":{"@id":"https:\/\/www.giorgiutti.it\/#organization"},"potentialAction":[{"@type":"SearchAction","target":{"@type":"EntryPoint","urlTemplate":"https:\/\/www.giorgiutti.it\/?s={search_term_string}"},"query-input":{"@type":"PropertyValueSpecification","valueRequired":true,"valueName":"search_term_string"}}],"inLanguage":"de-DE"},{"@type":"Organization","@id":"https:\/\/www.giorgiutti.it\/#organization","name":"Giorgiutti & Di Barbara","url":"https:\/\/www.giorgiutti.it\/","logo":{"@type":"ImageObject","inLanguage":"de-DE","@id":"https:\/\/www.giorgiutti.it\/#\/schema\/logo\/image\/","url":"https:\/\/www.giorgiutti.it\/wp-content\/uploads\/2023\/01\/logo-completo-blu.svg","contentUrl":"https:\/\/www.giorgiutti.it\/wp-content\/uploads\/2023\/01\/logo-completo-blu.svg","width":1,"height":1,"caption":"Giorgiutti & Di Barbara"},"image":{"@id":"https:\/\/www.giorgiutti.it\/#\/schema\/logo\/image\/"},"sameAs":["https:\/\/www.linkedin.com\/company\/giorgiutti-srl?trk=biz-companies-cym"]}]}},"_links":{"self":[{"href":"https:\/\/www.giorgiutti.it\/de\/wp-json\/wp\/v2\/pages\/1521","targetHints":{"allow":["GET"]}}],"collection":[{"href":"https:\/\/www.giorgiutti.it\/de\/wp-json\/wp\/v2\/pages"}],"about":[{"href":"https:\/\/www.giorgiutti.it\/de\/wp-json\/wp\/v2\/types\/page"}],"author":[{"embeddable":true,"href":"https:\/\/www.giorgiutti.it\/de\/wp-json\/wp\/v2\/users\/1"}],"replies":[{"embeddable":true,"href":"https:\/\/www.giorgiutti.it\/de\/wp-json\/wp\/v2\/comments?post=1521"}],"version-history":[{"count":38,"href":"https:\/\/www.giorgiutti.it\/de\/wp-json\/wp\/v2\/pages\/1521\/revisions"}],"predecessor-version":[{"id":3621,"href":"https:\/\/www.giorgiutti.it\/de\/wp-json\/wp\/v2\/pages\/1521\/revisions\/3621"}],"wp:featuredmedia":[{"embeddable":true,"href":"https:\/\/www.giorgiutti.it\/de\/wp-json\/wp\/v2\/media\/1455"}],"wp:attachment":[{"href":"https:\/\/www.giorgiutti.it\/de\/wp-json\/wp\/v2\/media?parent=1521"}],"curies":[{"name":"wp","href":"https:\/\/api.w.org\/{rel}","templated":true}]}}