{"id":1439,"date":"2023-01-31T11:19:21","date_gmt":"2023-01-31T10:19:21","guid":{"rendered":"https:\/\/giorgiutti.it\/der-firma\/"},"modified":"2024-01-09T15:29:16","modified_gmt":"2024-01-09T14:29:16","slug":"der-firma","status":"publish","type":"page","link":"https:\/\/www.giorgiutti.it\/de\/der-firma\/","title":{"rendered":"der Firma"},"content":{"rendered":"<div class=\"wpb-content-wrapper\">[vc_row thb_full_width=&#8221;true&#8221; thb_row_padding=&#8221;true&#8221; thb_column_padding=&#8221;true&#8221; parallax=&#8221;content-moving&#8221; parallax_image=&#8221;392&#8243; parallax_speed_bg=&#8221;1.2&#8243; bg_gradient_direction=&#8221;0&#8243; css=&#8221;.vc_custom_1700127340314{padding-bottom: 600px !important;}&#8221; bg_gradient1=&#8221;rgba(0,0,0,0.7)&#8221; bg_gradient2=&#8221;rgba(10,10,10,0.01)&#8221;][vc_column][\/vc_column][\/vc_row][vc_row el_class=&#8221;align-center&#8221; css=&#8221;.vc_custom_1534097347595{padding-bottom: 90px !important;}&#8221;][vc_column box_shadow=&#8221;large-shadow&#8221; css=&#8221;.vc_custom_1700127449081{margin-top: -250px !important;padding-top: 8% !important;padding-right: 10% !important;padding-bottom: 7% !important;padding-left: 10% !important;background-color: #ffffff !important;}&#8221; offset=&#8221;vc_col-lg-8 vc_col-md-10&#8243; el_class=&#8221;text-center title-column&#8221;][vc_custom_heading text=&#8221;der Firma&#8221; font_container=&#8221;tag:h1|text_align:center&#8221; use_theme_fonts=&#8221;yes&#8221; css_animation=&#8221;fadeInUp&#8221; el_class=&#8221;case-title&#8221;][vc_column_text animation=&#8221;animation bottom-to-top&#8221;]Das Unternehmen ist seit <strong>1953<\/strong> im Gebiet der Personalverwaltung t\u00e4tig, und bietet den Kunden eine jahrelange Erfahrung auf dem Gebiet des Arbeitsrechts. Aufbau einer vertrauensvollen Beziehung <strong>zu den Kunden, die seit mehr als einem halben Jahrhundert andauert<\/strong>, mit einer <strong>Kundenfluktuation von weniger als 1 % bis heute<\/strong>.[\/vc_column_text][\/vc_column][\/vc_row][vc_row][vc_column][vc_empty_space height=&#8221;80px&#8221;][\/vc_column][\/vc_row][vc_row content_placement=&#8221;middle&#8221; css=&#8221;.vc_custom_1675163678569{padding-bottom: 2vh !important;}&#8221; el_class=&#8221;align-center&#8221;][vc_column width=&#8221;1\/2&#8243;]\t<div id=\"thb-image-6a05c1f06e574\" class=\"caption-style1 animation bottom-to-top-3d alignleft   thb_image_link wp-caption \">\n\t\t\t<div class=\"thb-image-inner size_100\">\n\t\t\t<img loading=\"lazy\" decoding=\"async\" width=\"800\" height=\"800\" src=\"https:\/\/www.giorgiutti.it\/wp-content\/uploads\/2023\/11\/Studio_Giorgiutti_1292.jpg\" class=\"thb_image    attachment-full\" alt=\"\" title=\"Studio_Giorgiutti_1292\" \/>\t\t\t\t\t<\/div>\n\t\t\t\t\t<\/div>\n\t[\/vc_column][vc_column width=&#8221;1\/2&#8243;][vc_column_text animation=&#8221;animation top-to-bottom-3d&#8221;]Die hochwertige Beruft\u00e4tigkeit wird den Kunden durch eine lange Erfahrung auf dem Gebiet des Arbeitsrechts, des Gewerkschaftsgesetz und des Sozialrechts gew\u00e4hrleistet; dies Dank der \u00fcber 65j\u00e4hrige Arbeit des Gr\u00fcnders unserer Kanzlei, Buchh. Dionigi Giorgiutti, der als Wirtschaftsbuchhalter und Arbeitsrechtsberater seine Dienste geleistet hat, sowie seit 1970 der Buchh. Luciana Tami als Arbeitsrechtsberaterin.[\/vc_column_text][\/vc_column][\/vc_row][vc_row content_placement=&#8221;middle&#8221; el_class=&#8221;align-center&#8221; css=&#8221;.vc_custom_1675161920147{padding-bottom: 2vh !important;}&#8221;][vc_column width=&#8221;1\/2&#8243;][vc_column_text animation=&#8221;animation bottom-to-top-3d&#8221;]<strong>1995<\/strong> trat <strong>Dr. Alberto Giorgiutti<\/strong> in die Firma ein. 1998 qualifizierte er sich als Arbeitsberater beim Ministerium f\u00fcr Arbeit und soziale Sicherheit.<\/p>\n<p>trat <strong>2002<\/strong> arbeitet der Arbeitsberater mit der Kanzlei zusammen <strong>dott. Stefano di Barbara<\/strong>, trat <strong>2005<\/strong> Arbeitsberater <strong>dott. Daniele Cattunar<\/strong>, trat <strong>2008<\/strong> Arbeitsberater <strong>dott.Guglielmo Pauletta<\/strong>, <strong>2015<\/strong> trat Arbeitsberater <strong>rag. Elena Patroncino<\/strong> und <strong>2022<\/strong> trat Arbeitsberater <strong>rag. Davide Buco<\/strong>.[\/vc_column_text][\/vc_column][vc_column width=&#8221;1\/2&#8243;]\t<div id=\"thb-image-6a05c1f06eec0\" class=\"caption-style1 animation top-to-bottom-3d alignleft   thb_image_link wp-caption \">\n\t\t\t<div class=\"thb-image-inner size_100\">\n\t\t\t<img loading=\"lazy\" decoding=\"async\" width=\"1280\" height=\"1280\" src=\"https:\/\/www.giorgiutti.it\/wp-content\/uploads\/2023\/08\/DSC_4801.jpg\" class=\"thb_image    attachment-full\" alt=\"\" title=\"DSC_4801\" \/>\t\t\t\t\t<\/div>\n\t\t\t\t\t<\/div>\n\t[\/vc_column][\/vc_row][vc_row thb_full_width=&#8221;true&#8221; parallax=&#8221;content-moving&#8221; bg_gradient_direction=&#8221;0&#8243; css=&#8221;.vc_custom_1675163935184{margin-top: 8vh !important;padding-top: 12vh !important;padding-bottom: 12vh !important;background-image: url(https:\/\/giorgiutti.it\/wp-content\/uploads\/2023\/01\/studio-vivida.jpeg?id=311) !important;background-position: 0 0;background-repeat:-repeat;}&#8221; el_class=&#8221;about&#8221; bg_gradient1=&#8221;rgba(0,0,0,0.7)&#8221; bg_gradient2=&#8221;rgba(0,0,0,0.7)&#8221;][vc_column][vc_empty_space height=&#8221;80px&#8221;][vc_row_inner][vc_column_inner thb_color=&#8221;thb-light-column&#8221; width=&#8221;1\/2&#8243; offset=&#8221;vc_col-lg-6&#8243;][vc_column_text animation=&#8221;animation bottom-to-top-3d&#8221;]Die Firma wurde gegr\u00fcndet mit dem Wunsch, dass ihre Fachkr\u00e4fte den vielen Bed\u00fcrfnissen der Unternehmen und Privatpersonen gerecht werden; sie wendet sich im Bereich <strong>der Unternehmensbetreuung im Fach Personalressourcen<\/strong> Arbeitsberatung und <strong>Budgetplanung an die Kunden.<\/strong>.<\/p>\n<p>Um dieser Herausforderung gerecht zu werden, hat die Kanzlei Giurgiutti alles auf <strong>Qualifizierung, Spezialisierung und Organisation<\/strong> ihrer Personalressourcen gesetzt, um so die Bed\u00fcrfnisse auf Qualit\u00e4t des Betriebssystem zu befriedigen.[\/vc_column_text][\/vc_column_inner][vc_column_inner thb_color=&#8221;thb-light-column&#8221; width=&#8221;1\/2&#8243;][vc_column_text animation=&#8221;animation bottom-to-top-3d&#8221;]\n<p style=\"text-align: left;\">Das Team wird st\u00e4ndig dazu ermutigt, sich kontinuierlich zu aktualisieren, <strong>um die Dutzenden von Fallstudien, die t\u00e4glich auftauchen<\/strong>, in Echtzeit zu l\u00f6sen.<\/p>\n<p style=\"text-align: left;\">Kundenzufriedenheit ist das Kerngesch\u00e4ft der Firma, und hat uns erm\u00f6glicht, interne Ressourcen zu entwickeln, die fortlaufend angeregt und innoviert werden; Dank einer <b>High-Tech Computerwissenschaft<\/b> kann die Kanzlei Giurgiutti immer neue \u201eHerausforderungen\u201c bew\u00e4ltigen.<\/p>\n[\/vc_column_text][\/vc_column_inner][\/vc_row_inner][vc_empty_space height=&#8221;80px&#8221;][\/vc_column][\/vc_row]\n<\/div>","protected":false},"excerpt":{"rendered":"<p>[vc_row thb_full_width=&#8221;true&#8221; thb_row_padding=&#8221;true&#8221; thb_column_padding=&#8221;true&#8221; parallax=&#8221;content-moving&#8221; parallax_image=&#8221;392&#8243; parallax_speed_bg=&#8221;1.2&#8243; bg_gradient_direction=&#8221;0&#8243; css=&#8221;.vc_custom_1700127340314{padding-bottom: 600px !important;}&#8221; bg_gradient1=&#8221;rgba(0,0,0,0.7)&#8221; bg_gradient2=&#8221;rgba(10,10,10,0.01)&#8221;][vc_column][\/vc_column][\/vc_row][vc_row el_class=&#8221;align-center&#8221; css=&#8221;.vc_custom_1534097347595{padding-bottom: 90px !important;}&#8221;][vc_column box_shadow=&#8221;large-shadow&#8221; css=&#8221;.vc_custom_1700127449081{margin-top: -250px !important;padding-top: 8% !important;padding-right: 10% !important;padding-bottom: 7% !important;padding-left: 10% !important;background-color: #ffffff !important;}&#8221; offset=&#8221;vc_col-lg-8 vc_col-md-10&#8243; el_class=&#8221;text-center title-column&#8221;][vc_custom_heading text=&#8221;der Firma&#8221; font_container=&#8221;tag:h1|text_align:center&#8221; use_theme_fonts=&#8221;yes&#8221; css_animation=&#8221;fadeInUp&#8221; el_class=&#8221;case-title&#8221;][vc_column_text animation=&#8221;animation bottom-to-top&#8221;]Das Unternehmen ist seit 1953 im Gebiet der Personalverwaltung t\u00e4tig, und bietet den&hellip;<\/p>\n","protected":false},"author":1,"featured_media":0,"parent":0,"menu_order":0,"comment_status":"closed","ping_status":"closed","template":"","meta":{"footnotes":""},"class_list":["post-1439","page","type-page","status-publish","hentry"],"yoast_head":"<!-- This site is optimized with the Yoast SEO plugin v27.6 - https:\/\/yoast.com\/product\/yoast-seo-wordpress\/ -->\n<title>der Firma - Giorgiutti &amp; Di Barbara<\/title>\n<meta name=\"robots\" content=\"index, follow, max-snippet:-1, max-image-preview:large, max-video-preview:-1\" \/>\n<link rel=\"canonical\" href=\"https:\/\/www.giorgiutti.it\/studio\/\" \/>\n<meta property=\"og:locale\" content=\"de_DE\" \/>\n<meta property=\"og:type\" content=\"article\" \/>\n<meta property=\"og:title\" content=\"der Firma - Giorgiutti &amp; Di Barbara\" \/>\n<meta property=\"og:description\" content=\"[vc_row thb_full_width=&#8221;true&#8221; thb_row_padding=&#8221;true&#8221; thb_column_padding=&#8221;true&#8221; parallax=&#8221;content-moving&#8221; parallax_image=&#8221;392&#8243; parallax_speed_bg=&#8221;1.2&#8243; bg_gradient_direction=&#8221;0&#8243; css=&#8221;.vc_custom_1700127340314{padding-bottom: 600px !important;}&#8221; bg_gradient1=&#8221;rgba(0,0,0,0.7)&#8221; bg_gradient2=&#8221;rgba(10,10,10,0.01)&#8221;][vc_column][\/vc_column][\/vc_row][vc_row el_class=&#8221;align-center&#8221; css=&#8221;.vc_custom_1534097347595{padding-bottom: 90px !important;}&#8221;][vc_column box_shadow=&#8221;large-shadow&#8221; css=&#8221;.vc_custom_1700127449081{margin-top: -250px !important;padding-top: 8% !important;padding-right: 10% !important;padding-bottom: 7% !important;padding-left: 10% !important;background-color: #ffffff !important;}&#8221; offset=&#8221;vc_col-lg-8 vc_col-md-10&#8243; el_class=&#8221;text-center title-column&#8221;][vc_custom_heading text=&#8221;der Firma&#8221; font_container=&#8221;tag:h1|text_align:center&#8221; use_theme_fonts=&#8221;yes&#8221; css_animation=&#8221;fadeInUp&#8221; el_class=&#8221;case-title&#8221;][vc_column_text animation=&#8221;animation bottom-to-top&#8221;]Das Unternehmen ist seit 1953 im Gebiet der Personalverwaltung t\u00e4tig, und bietet den&hellip;\" \/>\n<meta property=\"og:url\" content=\"https:\/\/www.giorgiutti.it\/studio\/\" \/>\n<meta property=\"og:site_name\" content=\"Giorgiutti &amp; Di Barbara\" \/>\n<meta property=\"article:modified_time\" content=\"2024-01-09T14:29:16+00:00\" \/>\n<meta name=\"twitter:card\" content=\"summary_large_image\" \/>\n<meta name=\"twitter:label1\" content=\"Est. reading time\" \/>\n\t<meta name=\"twitter:data1\" content=\"3 minutes\" \/>\n<script type=\"application\/ld+json\" class=\"yoast-schema-graph\">{\"@context\":\"https:\\\/\\\/schema.org\",\"@graph\":[{\"@type\":\"WebPage\",\"@id\":\"https:\\\/\\\/www.giorgiutti.it\\\/studio\\\/\",\"url\":\"https:\\\/\\\/www.giorgiutti.it\\\/studio\\\/\",\"name\":\"der Firma - Giorgiutti &amp; Di Barbara\",\"isPartOf\":{\"@id\":\"https:\\\/\\\/www.giorgiutti.it\\\/#website\"},\"datePublished\":\"2023-01-31T10:19:21+00:00\",\"dateModified\":\"2024-01-09T14:29:16+00:00\",\"breadcrumb\":{\"@id\":\"https:\\\/\\\/www.giorgiutti.it\\\/studio\\\/#breadcrumb\"},\"inLanguage\":\"de-DE\",\"potentialAction\":[{\"@type\":\"ReadAction\",\"target\":[\"https:\\\/\\\/www.giorgiutti.it\\\/studio\\\/\"]}]},{\"@type\":\"BreadcrumbList\",\"@id\":\"https:\\\/\\\/www.giorgiutti.it\\\/studio\\\/#breadcrumb\",\"itemListElement\":[{\"@type\":\"ListItem\",\"position\":1,\"name\":\"Home\",\"item\":\"https:\\\/\\\/www.giorgiutti.it\\\/de\\\/\"},{\"@type\":\"ListItem\",\"position\":2,\"name\":\"der Firma\"}]},{\"@type\":\"WebSite\",\"@id\":\"https:\\\/\\\/www.giorgiutti.it\\\/#website\",\"url\":\"https:\\\/\\\/www.giorgiutti.it\\\/\",\"name\":\"Giorgiutti & Di Barbara\",\"description\":\"Studio Consulenze del Lavoro\",\"publisher\":{\"@id\":\"https:\\\/\\\/www.giorgiutti.it\\\/#organization\"},\"potentialAction\":[{\"@type\":\"SearchAction\",\"target\":{\"@type\":\"EntryPoint\",\"urlTemplate\":\"https:\\\/\\\/www.giorgiutti.it\\\/?s={search_term_string}\"},\"query-input\":{\"@type\":\"PropertyValueSpecification\",\"valueRequired\":true,\"valueName\":\"search_term_string\"}}],\"inLanguage\":\"de-DE\"},{\"@type\":\"Organization\",\"@id\":\"https:\\\/\\\/www.giorgiutti.it\\\/#organization\",\"name\":\"Giorgiutti & Di Barbara\",\"url\":\"https:\\\/\\\/www.giorgiutti.it\\\/\",\"logo\":{\"@type\":\"ImageObject\",\"inLanguage\":\"de-DE\",\"@id\":\"https:\\\/\\\/www.giorgiutti.it\\\/#\\\/schema\\\/logo\\\/image\\\/\",\"url\":\"https:\\\/\\\/www.giorgiutti.it\\\/wp-content\\\/uploads\\\/2023\\\/01\\\/logo-completo-blu.svg\",\"contentUrl\":\"https:\\\/\\\/www.giorgiutti.it\\\/wp-content\\\/uploads\\\/2023\\\/01\\\/logo-completo-blu.svg\",\"width\":1,\"height\":1,\"caption\":\"Giorgiutti & Di Barbara\"},\"image\":{\"@id\":\"https:\\\/\\\/www.giorgiutti.it\\\/#\\\/schema\\\/logo\\\/image\\\/\"},\"sameAs\":[\"https:\\\/\\\/www.linkedin.com\\\/company\\\/giorgiutti-srl?trk=biz-companies-cym\"]}]}<\/script>\n<!-- \/ Yoast SEO plugin. -->","yoast_head_json":{"title":"der Firma - Giorgiutti &amp; Di Barbara","robots":{"index":"index","follow":"follow","max-snippet":"max-snippet:-1","max-image-preview":"max-image-preview:large","max-video-preview":"max-video-preview:-1"},"canonical":"https:\/\/www.giorgiutti.it\/studio\/","og_locale":"de_DE","og_type":"article","og_title":"der Firma - Giorgiutti &amp; Di Barbara","og_description":"[vc_row thb_full_width=&#8221;true&#8221; thb_row_padding=&#8221;true&#8221; thb_column_padding=&#8221;true&#8221; parallax=&#8221;content-moving&#8221; parallax_image=&#8221;392&#8243; parallax_speed_bg=&#8221;1.2&#8243; bg_gradient_direction=&#8221;0&#8243; css=&#8221;.vc_custom_1700127340314{padding-bottom: 600px !important;}&#8221; bg_gradient1=&#8221;rgba(0,0,0,0.7)&#8221; bg_gradient2=&#8221;rgba(10,10,10,0.01)&#8221;][vc_column][\/vc_column][\/vc_row][vc_row el_class=&#8221;align-center&#8221; css=&#8221;.vc_custom_1534097347595{padding-bottom: 90px !important;}&#8221;][vc_column box_shadow=&#8221;large-shadow&#8221; css=&#8221;.vc_custom_1700127449081{margin-top: -250px !important;padding-top: 8% !important;padding-right: 10% !important;padding-bottom: 7% !important;padding-left: 10% !important;background-color: #ffffff !important;}&#8221; offset=&#8221;vc_col-lg-8 vc_col-md-10&#8243; el_class=&#8221;text-center title-column&#8221;][vc_custom_heading text=&#8221;der Firma&#8221; font_container=&#8221;tag:h1|text_align:center&#8221; use_theme_fonts=&#8221;yes&#8221; css_animation=&#8221;fadeInUp&#8221; el_class=&#8221;case-title&#8221;][vc_column_text animation=&#8221;animation bottom-to-top&#8221;]Das Unternehmen ist seit 1953 im Gebiet der Personalverwaltung t\u00e4tig, und bietet den&hellip;","og_url":"https:\/\/www.giorgiutti.it\/studio\/","og_site_name":"Giorgiutti &amp; Di Barbara","article_modified_time":"2024-01-09T14:29:16+00:00","twitter_card":"summary_large_image","twitter_misc":{"Est. reading time":"3 minutes"},"schema":{"@context":"https:\/\/schema.org","@graph":[{"@type":"WebPage","@id":"https:\/\/www.giorgiutti.it\/studio\/","url":"https:\/\/www.giorgiutti.it\/studio\/","name":"der Firma - Giorgiutti &amp; Di Barbara","isPartOf":{"@id":"https:\/\/www.giorgiutti.it\/#website"},"datePublished":"2023-01-31T10:19:21+00:00","dateModified":"2024-01-09T14:29:16+00:00","breadcrumb":{"@id":"https:\/\/www.giorgiutti.it\/studio\/#breadcrumb"},"inLanguage":"de-DE","potentialAction":[{"@type":"ReadAction","target":["https:\/\/www.giorgiutti.it\/studio\/"]}]},{"@type":"BreadcrumbList","@id":"https:\/\/www.giorgiutti.it\/studio\/#breadcrumb","itemListElement":[{"@type":"ListItem","position":1,"name":"Home","item":"https:\/\/www.giorgiutti.it\/de\/"},{"@type":"ListItem","position":2,"name":"der Firma"}]},{"@type":"WebSite","@id":"https:\/\/www.giorgiutti.it\/#website","url":"https:\/\/www.giorgiutti.it\/","name":"Giorgiutti & Di Barbara","description":"Studio Consulenze del Lavoro","publisher":{"@id":"https:\/\/www.giorgiutti.it\/#organization"},"potentialAction":[{"@type":"SearchAction","target":{"@type":"EntryPoint","urlTemplate":"https:\/\/www.giorgiutti.it\/?s={search_term_string}"},"query-input":{"@type":"PropertyValueSpecification","valueRequired":true,"valueName":"search_term_string"}}],"inLanguage":"de-DE"},{"@type":"Organization","@id":"https:\/\/www.giorgiutti.it\/#organization","name":"Giorgiutti & Di Barbara","url":"https:\/\/www.giorgiutti.it\/","logo":{"@type":"ImageObject","inLanguage":"de-DE","@id":"https:\/\/www.giorgiutti.it\/#\/schema\/logo\/image\/","url":"https:\/\/www.giorgiutti.it\/wp-content\/uploads\/2023\/01\/logo-completo-blu.svg","contentUrl":"https:\/\/www.giorgiutti.it\/wp-content\/uploads\/2023\/01\/logo-completo-blu.svg","width":1,"height":1,"caption":"Giorgiutti & Di Barbara"},"image":{"@id":"https:\/\/www.giorgiutti.it\/#\/schema\/logo\/image\/"},"sameAs":["https:\/\/www.linkedin.com\/company\/giorgiutti-srl?trk=biz-companies-cym"]}]}},"_links":{"self":[{"href":"https:\/\/www.giorgiutti.it\/de\/wp-json\/wp\/v2\/pages\/1439","targetHints":{"allow":["GET"]}}],"collection":[{"href":"https:\/\/www.giorgiutti.it\/de\/wp-json\/wp\/v2\/pages"}],"about":[{"href":"https:\/\/www.giorgiutti.it\/de\/wp-json\/wp\/v2\/types\/page"}],"author":[{"embeddable":true,"href":"https:\/\/www.giorgiutti.it\/de\/wp-json\/wp\/v2\/users\/1"}],"replies":[{"embeddable":true,"href":"https:\/\/www.giorgiutti.it\/de\/wp-json\/wp\/v2\/comments?post=1439"}],"version-history":[{"count":16,"href":"https:\/\/www.giorgiutti.it\/de\/wp-json\/wp\/v2\/pages\/1439\/revisions"}],"predecessor-version":[{"id":3368,"href":"https:\/\/www.giorgiutti.it\/de\/wp-json\/wp\/v2\/pages\/1439\/revisions\/3368"}],"wp:attachment":[{"href":"https:\/\/www.giorgiutti.it\/de\/wp-json\/wp\/v2\/media?parent=1439"}],"curies":[{"name":"wp","href":"https:\/\/api.w.org\/{rel}","templated":true}]}}